{"id":11864,"date":"2019-06-13T17:14:55","date_gmt":"2019-06-13T21:14:55","guid":{"rendered":"https:\/\/www.peaceadvocacynetwork.org\/?page_id=11864"},"modified":"2022-01-06T15:31:27","modified_gmt":"2022-01-06T20:31:27","slug":"mentorship-application","status":"publish","type":"page","link":"https:\/\/peaceadvocacynetwork.org\/es\/mentorship-application\/","title":{"rendered":"Vegan Pledge Mentorship Application"},"content":{"rendered":"\t\t<div data-elementor-type=\"wp-post\" data-elementor-id=\"11864\" class=\"elementor elementor-11864\">\n\t\t\t\t\t\t<section class=\"elementor-section elementor-top-section elementor-element elementor-element-3b81d7c elementor-section-stretched elementor-section-boxed elementor-section-height-default elementor-section-height-default\" data-id=\"3b81d7c\" data-element_type=\"section\" data-e-type=\"section\" data-settings=\"{&quot;stretch_section&quot;:&quot;section-stretched&quot;,&quot;background_background&quot;:&quot;classic&quot;}\">\n\t\t\t\t\t\t<div class=\"elementor-container elementor-column-gap-default\">\n\t\t\t\t\t<div class=\"elementor-column elementor-col-100 elementor-top-column elementor-element elementor-element-53a276d\" data-id=\"53a276d\" data-element_type=\"column\" data-e-type=\"column\">\n\t\t\t<div class=\"elementor-widget-wrap elementor-element-populated\">\n\t\t\t\t\t\t<div class=\"elementor-element elementor-element-8a15d30 elementor-widget elementor-widget-heading\" data-id=\"8a15d30\" data-element_type=\"widget\" data-e-type=\"widget\" data-widget_type=\"heading.default\">\n\t\t\t\t<div class=\"elementor-widget-container\">\n\t\t\t\t\t<h2 class=\"elementor-heading-title elementor-size-default\">INSCRIPCI\u00d3N PARA MENTOR, MENTORA O PERSONA TUTORA DE UN COMPROMISO VEGANO<\/h2>\t\t\t\t<\/div>\n\t\t\t\t<\/div>\n\t\t\t\t<div class=\"elementor-element elementor-element-4bf1f07 elementor-widget elementor-widget-text-editor\" data-id=\"4bf1f07\" data-element_type=\"widget\" data-e-type=\"widget\" data-widget_type=\"text-editor.default\">\n\t\t\t\t<div class=\"elementor-widget-container\">\n\t\t\t\t\t\t\t\t\t<p>Como mentora, mentor, o persona tutora, usted tendr\u00e1 un papel muy importante en el Programa de Compromisos Veganos del PAN. Para mucha gente, seguir un estilo de vida vegano puede ser confuso o abrumador. Las personas participantes pueden sentirse solas y no saber a qui\u00e9n dirigirse para pedir ayuda, y como resultado, puede parecerles que sus propios esfuerzos est\u00e1n incumpliendo sus objetivos y eventualmente regresan a sus viejos h\u00e1bitos. La experiencia ha mostrado que aquellas personas que han sido orientadas como parte de una comunidad han permanecido siguiendo un estilo de vida vegano y son m\u00e1s felices gracias a ello. El PAN se enorgullece de apoyar a otras personas a seguir estilos de vida veganos con nosotros.<\/p><p>Como un mentor, mentora o persona tutora del PAN, usted se compromete a:<\/p><ul><li>Ser amigable con su(s) persona(s) tutelada(s); ayudarles, responder preguntas, apoyar sus esfuerzos, darles consejos, proveerles direcci\u00f3n, escucharles y ofrecerles orientaci\u00f3n.<\/li><li>Tratar a su(s) persona(s) tutelada(s) con respeto.<\/li><li>Tranquilizar a su(s) persona(s) tutelada(s) si \u201cse equivocan\u201d comprendiendo sus errores sin fomentar el \u201chacer trampa\u201d.<\/li><li>Ponerte en contacto con su(s) persona(s) tutelada(s) por lo menos una vez a la semana fuera de las reuniones programadas.<\/li><\/ul><p><span style=\"font-weight: 400;\">Al registrarse abajo usted se acepta <strong><a href=\"https:\/\/peaceadvocacynetwork.org\/wp-content\/uploads\/2021\/12\/2022-Mentor-Toolkit.pdf\" target=\"_blank\" rel=\"noopener\">descargar el Conjunto de Herramientas de Tutelaje aqu\u00ed y leerlo aqu\u00ed en su totalidad<\/a><\/strong>, siguiendo sus directrices y cumpliendo el principio de amabilidad del PAN, la abolici\u00f3n de la crueldad animal y la promoci\u00f3n de un estilo de vida vegano feliz y saludable.<\/span><\/p>\t\t\t\t\t\t\t\t<\/div>\n\t\t\t\t<\/div>\n\t\t\t\t<div class=\"elementor-element elementor-element-27bf88d elementor-widget elementor-widget-text-editor\" data-id=\"27bf88d\" data-element_type=\"widget\" data-e-type=\"widget\" data-widget_type=\"text-editor.default\">\n\t\t\t\t<div class=\"elementor-widget-container\">\n\t\t\t\t\t\t\t\t\t<p><noscript class=\"ninja-forms-noscript-message\">\n\tAviso: Se requiere JavaScript para este contenido.<\/noscript>\nNo se ha encontrado ning\u00fan campo.<div id=\"nf-form-16-cont\" class=\"nf-form-cont\" aria-live=\"polite\" aria-labelledby=\"nf-form-title-16\" aria-describedby=\"nf-form-errors-16\" role=\"form\">\n\n    <div class=\"nf-loading-spinner\"><\/div>\n\n<\/div>\n        <!-- That data is being printed as a workaround to page builders reordering the order of the scripts loaded-->\n        <script>var formDisplay=1;var nfForms=nfForms||[];var form=[];form.id='16';form.settings={\"ninjaForms\":\"Ninja Forms\",\"changeEmailErrorMsg\":\"Introduce una direcci\\u00f3n de correo electr\\u00f3nico v\\u00e1lida.\",\"changeDateErrorMsg\":\"\\u00a1Introduce una fecha v\\u00e1lida!\",\"confirmFieldErrorMsg\":\"Estos campos deben coincidir.\",\"fieldNumberNumMinError\":\"Error de n\\u00famero m\\u00ednimo\",\"fieldNumberNumMaxError\":\"Error de n\\u00famero m\\u00e1ximo\",\"fieldNumberIncrementBy\":\"Increm\\u00e9ntalo por \",\"fieldTextareaRTEInsertLink\":\"Insertar enlace\",\"fieldTextareaRTEInsertMedia\":\"Insertar medios\",\"fieldTextareaRTESelectAFile\":\"Seleccione un archivo\",\"formErrorsCorrectErrors\":\"Corrige los errores antes de enviar este formulario.\",\"formHoneypot\":\"Si eres un ser humano y est\\u00e1s viendo este campo, por favor d\\u00e9jalo vac\\u00edo.\",\"validateRequiredField\":\"Esto es un campo obligatorio.\",\"honeypotHoneypotError\":\"Error de Honeypot\",\"fileUploadOldCodeFileUploadInProgress\":\"Subida de archivo en curso.\",\"fileUploadOldCodeFileUpload\":\"SUBIDA DE ARCHIVO\",\"currencySymbol\":\"&#36;\",\"fieldsMarkedRequired\":\"Los campos marcados con <span class=\\\"ninja-forms-req-symbol\\\">*<\\\/span> son obligatorios\",\"thousands_sep\":\".\",\"decimal_point\":\",\",\"siteLocale\":\"es_ES\",\"dateFormat\":\"d\\\/m\\\/Y\",\"startOfWeek\":\"0\",\"of\":\"de\",\"previousMonth\":\"Mes anterior\",\"nextMonth\":\"Pr\\u00f3ximo mes\",\"months\":[\"Enero\",\"Febrero\",\"Marzo\",\"Abril\",\"Mayo\",\"Junio\",\"Julio\",\"Agosto\",\"Septiembre\",\"Octubre\",\"Noviembre\",\"Diciembre\"],\"monthsShort\":[\"Ene\",\"Feb\",\"Mar\",\"Abr\",\"Mayo\",\"Jun\",\"Jul\",\"Ago\",\"Sep\",\"Oct\",\"Nov\",\"Dic\"],\"weekdays\":[\"Domingo\",\"Lunes\",\"Martes\",\"Mi\\u00e9rcoles\",\"Jueves\",\"Viernes\",\"S\\u00e1bado\"],\"weekdaysShort\":[\"Dom\",\"Lun\",\"Mar\",\"Mi\\u00e9\",\"Jue\",\"Vie\",\"S\\u00e1b\"],\"weekdaysMin\":[\"Do\",\"Lu\",\"Ma\",\"Mi\",\"Ju\",\"Vi\",\"S\\u00e1\"],\"recaptchaConsentMissing\":\"reCaptcha validation couldn&#039;t load.\",\"recaptchaMissingCookie\":\"reCaptcha v3 validation couldn&#039;t load the cookie needed to submit the form.\",\"recaptchaConsentEvent\":\"Accept reCaptcha cookies before sending the form.\",\"embed_form\":\"\",\"currency_symbol\":\"\",\"title\":\"\",\"beforeForm\":\"\",\"beforeFields\":\"\",\"afterFields\":\"\",\"afterForm\":\"\"};form.fields=[];nfForms.push(form);<\/script>\n        <\/p>\t\t\t\t\t\t\t\t<\/div>\n\t\t\t\t<\/div>\n\t\t\t\t\t<\/div>\n\t\t<\/div>\n\t\t\t\t\t<\/div>\n\t\t<\/section>\n\t\t\t\t<\/div>\n\t\t","protected":false},"excerpt":{"rendered":"<p>Vegan Pledge Mentor Sign-Up As a Mentor, you play a very important role in the PAN Vegan Pledge Program. For&hellip;<\/p>\n<p> <a class=\"more-link\" href=\"https:\/\/peaceadvocacynetwork.org\/es\/mentorship-application\/\">Leer m\u00e1s<\/a><\/p>\n","protected":false},"author":1,"featured_media":0,"parent":0,"menu_order":0,"comment_status":"closed","ping_status":"closed","template":"","meta":{"footnotes":""},"class_list":["post-11864","page","type-page","status-publish"],"_links":{"self":[{"href":"https:\/\/peaceadvocacynetwork.org\/es\/wp-json\/wp\/v2\/pages\/11864","targetHints":{"allow":["GET"]}}],"collection":[{"href":"https:\/\/peaceadvocacynetwork.org\/es\/wp-json\/wp\/v2\/pages"}],"about":[{"href":"https:\/\/peaceadvocacynetwork.org\/es\/wp-json\/wp\/v2\/types\/page"}],"author":[{"embeddable":true,"href":"https:\/\/peaceadvocacynetwork.org\/es\/wp-json\/wp\/v2\/users\/1"}],"replies":[{"embeddable":true,"href":"https:\/\/peaceadvocacynetwork.org\/es\/wp-json\/wp\/v2\/comments?post=11864"}],"version-history":[{"count":10,"href":"https:\/\/peaceadvocacynetwork.org\/es\/wp-json\/wp\/v2\/pages\/11864\/revisions"}],"predecessor-version":[{"id":21214,"href":"https:\/\/peaceadvocacynetwork.org\/es\/wp-json\/wp\/v2\/pages\/11864\/revisions\/21214"}],"wp:attachment":[{"href":"https:\/\/peaceadvocacynetwork.org\/es\/wp-json\/wp\/v2\/media?parent=11864"}],"curies":[{"name":"wp","href":"https:\/\/api.w.org\/{rel}","templated":true}]}}