{"id":11956,"date":"2019-06-14T13:30:07","date_gmt":"2019-06-14T17:30:07","guid":{"rendered":"https:\/\/www.peaceadvocacynetwork.org\/?page_id=11956"},"modified":"2022-01-07T09:47:53","modified_gmt":"2022-01-07T14:47:53","slug":"vegan-pledge-application","status":"publish","type":"page","link":"https:\/\/peaceadvocacynetwork.org\/es\/vegan-pledge-application\/","title":{"rendered":"Vegan Pledge Application"},"content":{"rendered":"\t\t<div data-elementor-type=\"wp-post\" data-elementor-id=\"11956\" class=\"elementor elementor-11956\">\n\t\t\t\t\t\t<section class=\"elementor-section elementor-top-section elementor-element elementor-element-7b684694 elementor-section-boxed elementor-section-height-default elementor-section-height-default\" data-id=\"7b684694\" data-element_type=\"section\" data-e-type=\"section\">\n\t\t\t\t\t\t<div class=\"elementor-container elementor-column-gap-default\">\n\t\t\t\t\t<div class=\"elementor-column elementor-col-100 elementor-top-column elementor-element elementor-element-1ea67004\" data-id=\"1ea67004\" data-element_type=\"column\" data-e-type=\"column\">\n\t\t\t<div class=\"elementor-widget-wrap elementor-element-populated\">\n\t\t\t\t\t\t<div class=\"elementor-element elementor-element-e6aedc3 elementor-widget elementor-widget-heading\" data-id=\"e6aedc3\" data-element_type=\"widget\" data-e-type=\"widget\" data-widget_type=\"heading.default\">\n\t\t\t\t<div class=\"elementor-widget-container\">\n\t\t\t\t\t<h2 class=\"elementor-heading-title elementor-size-default\">POSTULACI\u00d3N AL COMPROMISO VEGANO<\/h2>\t\t\t\t<\/div>\n\t\t\t\t<\/div>\n\t\t\t\t\t<\/div>\n\t\t<\/div>\n\t\t\t\t\t<\/div>\n\t\t<\/section>\n\t\t\t\t<section class=\"elementor-section elementor-top-section elementor-element elementor-element-3b81d7c elementor-section-stretched elementor-section-boxed elementor-section-height-default elementor-section-height-default\" data-id=\"3b81d7c\" data-element_type=\"section\" data-e-type=\"section\" data-settings=\"{&quot;stretch_section&quot;:&quot;section-stretched&quot;,&quot;background_background&quot;:&quot;classic&quot;}\">\n\t\t\t\t\t\t<div class=\"elementor-container elementor-column-gap-default\">\n\t\t\t\t\t<div class=\"elementor-column elementor-col-100 elementor-top-column elementor-element elementor-element-53a276d\" data-id=\"53a276d\" data-element_type=\"column\" data-e-type=\"column\">\n\t\t\t<div class=\"elementor-widget-wrap elementor-element-populated\">\n\t\t\t\t\t\t<div class=\"elementor-element elementor-element-0066a27 elementor-widget elementor-widget-text-editor\" data-id=\"0066a27\" data-element_type=\"widget\" data-e-type=\"widget\" data-widget_type=\"text-editor.default\">\n\t\t\t\t<div class=\"elementor-widget-container\">\n\t\t\t\t\t\t\t\t\t\n<div class=\"wpcf7 no-js\" id=\"wpcf7-f21256-o1\" lang=\"en-US\" dir=\"ltr\" data-wpcf7-id=\"21256\">\n<div class=\"screen-reader-response\"><p role=\"status\" aria-live=\"polite\" aria-atomic=\"true\"><\/p> <ul><\/ul><\/div>\n<form action=\"\/es\/wp-json\/wp\/v2\/pages\/11956#wpcf7-f21256-o1\" method=\"post\" class=\"wpcf7-form init\" aria-label=\"Contact form\" novalidate=\"novalidate\" data-status=\"init\">\n<fieldset class=\"hidden-fields-container\"><input type=\"hidden\" name=\"_wpcf7\" value=\"21256\" \/><input type=\"hidden\" name=\"_wpcf7_version\" value=\"6.1.5\" \/><input type=\"hidden\" name=\"_wpcf7_locale\" value=\"en_US\" \/><input type=\"hidden\" name=\"_wpcf7_unit_tag\" value=\"wpcf7-f21256-o1\" \/><input type=\"hidden\" name=\"_wpcf7_container_post\" value=\"0\" \/><input type=\"hidden\" name=\"_wpcf7_posted_data_hash\" value=\"\" \/><input type=\"hidden\" name=\"_wpcf7_recaptcha_response\" value=\"\" \/>\n<\/fieldset>\n<div class=\"clearfix\">\n\t<div id=\"left\">\n\t\t<p><label>Nombres<span class=\"required\">*<\/span> <span class=\"wpcf7-form-control-wrap\" data-name=\"first-name\"><input size=\"40\" maxlength=\"400\" class=\"wpcf7-form-control wpcf7-text wpcf7-validates-as-required\" aria-required=\"true\" aria-invalid=\"false\" value=\"\" type=\"text\" name=\"first-name\" \/><\/span><\/label><br \/>\n<label>Apellidos<span class=\"required\">*<\/span> <span class=\"wpcf7-form-control-wrap\" data-name=\"last-name\"><input size=\"40\" maxlength=\"400\" class=\"wpcf7-form-control wpcf7-text wpcf7-validates-as-required\" aria-required=\"true\" aria-invalid=\"false\" value=\"\" type=\"text\" name=\"last-name\" \/><\/span> <\/label><br \/>\n<label>Correo Electr\u00f3nico<span class=\"required\">*<\/span> <span class=\"wpcf7-form-control-wrap\" data-name=\"your-email\"><input size=\"40\" maxlength=\"400\" class=\"wpcf7-form-control wpcf7-email wpcf7-validates-as-required wpcf7-text wpcf7-validates-as-email\" aria-required=\"true\" aria-invalid=\"false\" value=\"\" type=\"email\" name=\"your-email\" \/><\/span><\/label><br \/>\n<label>N\u00famero Telef\u00f3nico<span class=\"required\">*<\/span> <span class=\"wpcf7-form-control-wrap\" data-name=\"phone\"><input size=\"40\" maxlength=\"400\" class=\"wpcf7-form-control wpcf7-tel wpcf7-validates-as-required wpcf7-text wpcf7-validates-as-tel\" aria-required=\"true\" aria-invalid=\"false\" value=\"\" type=\"tel\" name=\"phone\" \/><\/span><\/label>\n\t\t<\/p>\n\t<\/div>\n\t<div id=\"right\">\n\t\t<p><label>Direcci\u00f3n Domiciliaria<span class=\"required\">*<\/span><\/label><br \/>\n<span class=\"wpcf7-form-control-wrap\" data-name=\"address\"><input size=\"40\" maxlength=\"400\" class=\"wpcf7-form-control wpcf7-text wpcf7-validates-as-required\" aria-required=\"true\" aria-invalid=\"false\" placeholder=\"Calle\/Jir\u00f3n\/Avenida\" value=\"\" type=\"text\" name=\"address\" \/><\/span><br \/>\n<span class=\"wpcf7-form-control-wrap\" data-name=\"address2\"><input size=\"40\" maxlength=\"400\" class=\"wpcf7-form-control wpcf7-text\" aria-invalid=\"false\" placeholder=\"Direcci\u00f3n Domiciliaria 2\" value=\"\" type=\"text\" name=\"address2\" \/><\/span><br \/>\n<span class=\"wpcf7-form-control-wrap\" data-name=\"city\"><input size=\"40\" maxlength=\"400\" class=\"wpcf7-form-control wpcf7-text wpcf7-validates-as-required\" aria-required=\"true\" aria-invalid=\"false\" placeholder=\"Ciudad\" value=\"\" type=\"text\" name=\"city\" \/><\/span><br \/>\n<span class=\"wpcf7-form-control-wrap\" data-name=\"state\"><select class=\"wpcf7-form-control wpcf7-select\" aria-invalid=\"false\" name=\"state\"><option value=\"Estado\">Estado<\/option><option value=\"AK\">AK<\/option><option value=\"AL\">AL<\/option><option value=\"AZ\">AZ<\/option><option value=\"AR\">AR<\/option><option value=\"CA\">CA<\/option><option value=\"CO\">CO<\/option><option value=\"CT\">CT<\/option><option value=\"DE\">DE<\/option><option value=\"FL\">FL<\/option><option value=\"GA\">GA<\/option><option value=\"HI\">HI<\/option><option value=\"ID\">ID<\/option><option value=\"IL\">IL<\/option><option value=\"IN\">IN<\/option><option value=\"IA\">IA<\/option><option value=\"KS\">KS<\/option><option value=\"KY\">KY<\/option><option value=\"LA\">LA<\/option><option value=\"ME\">ME<\/option><option value=\"MD\">MD<\/option><option value=\"MA\">MA<\/option><option value=\"MI\">MI<\/option><option value=\"MN\">MN<\/option><option value=\"MS\">MS<\/option><option value=\"MO\">MO<\/option><option value=\"MT\">MT<\/option><option value=\"NE\">NE<\/option><option value=\"NV\">NV<\/option><option value=\"NH\">NH<\/option><option value=\"NJ\">NJ<\/option><option value=\"NM\">NM<\/option><option value=\"NY\">NY<\/option><option value=\"NC\">NC<\/option><option value=\"ND\">ND<\/option><option value=\"OH\">OH<\/option><option value=\"OK\">OK<\/option><option value=\"OR\">OR<\/option><option value=\"PA\">PA<\/option><option value=\"RI\">RI<\/option><option value=\"SC\">SC<\/option><option value=\"SD\">SD<\/option><option value=\"TN\">TN<\/option><option value=\"TX\">TX<\/option><option value=\"UT\">UT<\/option><option value=\"VT\">VT<\/option><option value=\"VA\">VA<\/option><option value=\"WA\">WA<\/option><option value=\"WV\">WV<\/option><option value=\"WI\">WI<\/option><option value=\"WY\">WY<\/option><option value=\"ARMED FORCES AFRICA \/ CANADA \/ EUROPE \/ MIDDLE EAST\">ARMED FORCES AFRICA \/ CANADA \/ EUROPE \/ MIDDLE EAST<\/option><option value=\"ARMED FORCES AMERICA (EXCEPT CANADA)\">ARMED FORCES AMERICA (EXCEPT CANADA)<\/option><option value=\"ARMED FORCES PACIFIC\">ARMED FORCES PACIFIC<\/option><\/select><\/span><br \/>\n<span class=\"wpcf7-form-control-wrap\" data-name=\"zip\"><input class=\"wpcf7-form-control wpcf7-number wpcf7-validates-as-required wpcf7-validates-as-number\" aria-required=\"true\" aria-invalid=\"false\" placeholder=\"C\u00f3digo Postal (ZIP)\" value=\"\" type=\"number\" name=\"zip\" \/><\/span>\n\t\t<\/p>\n\t<\/div>\n<\/div>\n<p><label>\u00bfEn qu\u00e9 programa de los compromisos tiene usted inter\u00e9s en participar?<span class=\"required\">*<\/span><br \/>\n<span class=\"wpcf7-form-control-wrap\" data-name=\"participating-city\"><select class=\"wpcf7-form-control wpcf7-select wpcf7-validates-as-required\" aria-required=\"true\" aria-invalid=\"false\" name=\"participating-city\"><option value=\"\">&#8212;Please choose an option&#8212;<\/option><option value=\"In-Person Downingtown, PA VPP (Starts April 15)\">In-Person Downingtown, PA VPP (Starts April 15)<\/option><\/select><\/span><\/label>\n<\/p>\n<p><label>\u00bfC\u00f3mo describir\u00eda usted su dieta actual?<br \/>\n<\/label>\n<\/p>\n<p style=\"font-size:10pt\"><em>(Si usted ya ha sido una persona vegana por m\u00e1s de un a\u00f1o y est\u00e1 buscando inscribirse para tutelar para este programa, por favor <a href=\"https:\/\/www.peaceadvocacynetwork.org\/mentorship-application\/\" target=\"_blank\" style=\"color: rgb(85, 85, 85); background-color: transparent; white-space: pre-wrap;\"><strong> rellene el formulario ubicado aqu\u00ed <\/strong><\/a> en su lugar)<\/em>\n<\/p>\n<p><span class=\"wpcf7-form-control-wrap\" data-name=\"current-diet\"><select class=\"wpcf7-form-control wpcf7-select\" aria-invalid=\"false\" name=\"current-diet\"><option value=\"\">&#8212;Please choose an option&#8212;<\/option><option value=\"Vegana Reciente\">Vegana Reciente<\/option><option value=\"Casi Vegana\">Casi Vegana<\/option><option value=\"Vegetariana\">Vegetariana<\/option><option value=\"Flexitariana\">Flexitariana<\/option><option value=\"Pescetariana\">Pescetariana<\/option><option value=\"Saludable\">Saludable<\/option><option value=\"Abstinente de la carne roja\">Abstinente de la carne roja<\/option><option value=\"Omn\u00edvora\">Omn\u00edvora<\/option><option value=\"Libre de Gluten\">Libre de Gluten<\/option><option value=\"Precaria o Pobre\">Precaria o Pobre<\/option><\/select><\/span>\n<\/p>\n<p>\u00bfCu\u00e1l es el motivo por el cual usted se est\u00e1 inscribiendo al compromiso?<br \/>\n<span class=\"wpcf7-form-control-wrap\" data-name=\"reason\"><span class=\"wpcf7-form-control wpcf7-checkbox\"><span class=\"wpcf7-list-item first\"><input type=\"checkbox\" name=\"reason[]\" value=\"Por los animales\" \/><span class=\"wpcf7-list-item-label\">Por los animales<\/span><\/span><span class=\"wpcf7-list-item\"><input type=\"checkbox\" name=\"reason[]\" value=\"Consejos de cocina\" \/><span class=\"wpcf7-list-item-label\">Consejos de cocina<\/span><\/span><span class=\"wpcf7-list-item\"><input type=\"checkbox\" name=\"reason[]\" value=\"Medio Ambiente\" \/><span class=\"wpcf7-list-item-label\">Medio Ambiente<\/span><\/span><span class=\"wpcf7-list-item\"><input type=\"checkbox\" name=\"reason[]\" value=\"Salud\" \/><span class=\"wpcf7-list-item-label\">Salud<\/span><\/span><span class=\"wpcf7-list-item\"><input type=\"checkbox\" name=\"reason[]\" value=\"Conocimiento\" \/><span class=\"wpcf7-list-item-label\">Conocimiento<\/span><\/span><span class=\"wpcf7-list-item\"><input type=\"checkbox\" name=\"reason[]\" value=\"Ideas de preparaci\u00f3n de platos\" \/><span class=\"wpcf7-list-item-label\">Ideas de preparaci\u00f3n de platos<\/span><\/span><span class=\"wpcf7-list-item\"><input type=\"checkbox\" name=\"reason[]\" value=\"Ver si soy capaz de hacerlo\" \/><span class=\"wpcf7-list-item-label\">Ver si soy capaz de hacerlo<\/span><\/span><span class=\"wpcf7-list-item\"><input type=\"checkbox\" name=\"reason[]\" value=\"Apoyo para seguir un estilo de vida vegano\" \/><span class=\"wpcf7-list-item-label\">Apoyo para seguir un estilo de vida vegano<\/span><\/span><span class=\"wpcf7-list-item\"><input type=\"checkbox\" name=\"reason[]\" value=\"Apoyo para alguien m\u00e1s\" \/><span class=\"wpcf7-list-item-label\">Apoyo para alguien m\u00e1s<\/span><\/span><span class=\"wpcf7-list-item last\"><input type=\"checkbox\" name=\"reason[]\" value=\"P\u00e9rdida de Peso\" \/><span class=\"wpcf7-list-item-label\">P\u00e9rdida de Peso<\/span><\/span><\/span><\/span>\n<\/p>\n<p>\u00bfHa sido usted part\u00edcipe de alg\u00fan Compromiso Vegano del PAN en el pasado? <span class=\"required\">*<\/span><br \/>\n<span class=\"wpcf7-form-control-wrap\" data-name=\"pledge-past\"><span class=\"wpcf7-form-control wpcf7-radio\"><span class=\"wpcf7-list-item first\"><input type=\"radio\" name=\"pledge-past\" value=\"S\u00ed\" \/><span class=\"wpcf7-list-item-label\">S\u00ed<\/span><\/span><span class=\"wpcf7-list-item last\"><input type=\"radio\" name=\"pledge-past\" value=\"No\" \/><span class=\"wpcf7-list-item-label\">No<\/span><\/span><\/span><\/span>\n<\/p>\n<p><label><br \/>\nCu\u00e9ntenos un poco sobre usted. <span class=\"wpcf7-form-control-wrap\" data-name=\"about-yourself\"><textarea cols=\"40\" rows=\"10\" maxlength=\"2000\" class=\"wpcf7-form-control wpcf7-textarea\" aria-invalid=\"false\" name=\"about-yourself\"><\/textarea><\/span><\/label>\n<\/p>\n<p><label>\u00bfC\u00f3mo se enter\u00f3 usted sobre el Compromiso Vegano del PAN?<span class=\"required\">*<\/span><span class=\"wpcf7-form-control-wrap\" data-name=\"hear-about-pledge\"><select class=\"wpcf7-form-control wpcf7-select wpcf7-validates-as-required\" aria-required=\"true\" aria-invalid=\"false\" name=\"hear-about-pledge\"><option value=\"\">&#8212;Please choose an option&#8212;<\/option><option value=\"Volante dentro de una tienda\">Volante dentro de una tienda<\/option><option value=\"Stickers, pegatinas o etiquetas\">Stickers, pegatinas o etiquetas<\/option><option value=\"De boca en boca\">De boca en boca<\/option><option value=\"Una amistad lo comparti\u00f3 en l\u00ednea\">Una amistad lo comparti\u00f3 en l\u00ednea<\/option><option value=\"Un grupo vegano en Facebook\">Un grupo vegano en Facebook<\/option><option value=\"Anuncio en una Revista\">Anuncio en una Revista<\/option><option value=\"Anuncio en Facebook\">Anuncio en Facebook<\/option><option value=\"Anuncio en Instagram\">Anuncio en Instagram<\/option><option value=\"Twitter\">Twitter<\/option><option value=\"Campa\u00f1a de &#039;Vegan for Woodstock&#039;\">Campa\u00f1a de &#039;Vegan for Woodstock&#039;<\/option><option value=\"B\u00fasqueda en Google\">B\u00fasqueda en Google<\/option><option value=\"LinkedIn\">LinkedIn<\/option><option value=\"Eventbrite\">Eventbrite<\/option><option value=\"En el vecindario\">En el vecindario<\/option><option value=\"Otra p\u00e1gina de eventos\">Otra p\u00e1gina de eventos<\/option><\/select><\/span><br \/>\n<\/label>\n<\/p>\n<p>\u00bfLe gustar\u00eda suscribirse a uno de nuestros boletines informativos electr\u00f3nicos para recibir recetas, fuentes, recursos y actualizaciones de eventos?<span class=\"required\">*<\/span><span class=\"wpcf7-form-control-wrap\" data-name=\"updates\"><span class=\"wpcf7-form-control wpcf7-radio\"><span class=\"wpcf7-list-item first\"><input type=\"radio\" name=\"updates\" value=\"S\u00ed\" \/><span class=\"wpcf7-list-item-label\">S\u00ed<\/span><\/span><span class=\"wpcf7-list-item last\"><input type=\"radio\" name=\"updates\" value=\"No\" \/><span class=\"wpcf7-list-item-label\">No<\/span><\/span><\/span><\/span><br \/>\n<label>\u00bfTiene alguna pregunta o preocupaci\u00f3n adicional?<br \/>\n<span class=\"wpcf7-form-control-wrap\" data-name=\"questions-concerns\"><textarea cols=\"40\" rows=\"10\" maxlength=\"2000\" class=\"wpcf7-form-control wpcf7-textarea\" aria-invalid=\"false\" name=\"questions-concerns\"><\/textarea><\/span><\/label>\n<\/p>\n<div style=\"border:2px solid white; padding:15px;\">\n\t<p>[group check]<br \/>\n<span class=\"required\">*<\/span><br \/>\n<span class=\"wpcf7-form-control-wrap\" data-name=\"no-animals\"><span class=\"wpcf7-form-control wpcf7-checkbox wpcf7-validates-as-required\"><span class=\"wpcf7-list-item first last\"><input type=\"checkbox\" name=\"no-animals[]\" value=\"S\u00ed, entiendo que seguir un estilo de vida vegano implica no consumir ning\u00fan producto de origen animal en absoluto, por ejemplo: carne, queso, huevos, leche de vaca\/cabra\/oveja, miel, pescado, comida marina, gelatina, etc.\" \/><span class=\"wpcf7-list-item-label\">S\u00ed, entiendo que seguir un estilo de vida vegano implica no consumir ning\u00fan producto de origen animal en absoluto, por ejemplo: carne, queso, huevos, leche de vaca\/cabra\/oveja, miel, pescado, comida marina, gelatina, etc.<\/span><\/span><\/span><\/span><br \/>\n<span class=\"wpcf7-form-control-wrap\" data-name=\"thirtydays\"><span class=\"wpcf7-form-control wpcf7-checkbox wpcf7-validates-as-required\"><span class=\"wpcf7-list-item first last\"><input type=\"checkbox\" name=\"thirtydays[]\" value=\"S\u00ed, entiendo que estoy aceptando seguir un estilo de vida vegano por 30 d\u00edas empezando desde la primera reuni\u00f3n del programa de compromisos.\" \/><span class=\"wpcf7-list-item-label\">S\u00ed, entiendo que estoy aceptando seguir un estilo de vida vegano por 30 d\u00edas empezando desde la primera reuni\u00f3n del programa de compromisos.<\/span><\/span><\/span><\/span><br \/>\n<span class=\"wpcf7-form-control-wrap\" data-name=\"five-meetings\"><span class=\"wpcf7-form-control wpcf7-checkbox wpcf7-validates-as-required\"><span class=\"wpcf7-list-item first last\"><input type=\"checkbox\" name=\"five-meetings[]\" value=\"S\u00ed, entiendo que se espera mi asistencia a 5 reuniones semanales.\" \/><span class=\"wpcf7-list-item-label\">S\u00ed, entiendo que se espera mi asistencia a 5 reuniones semanales.<\/span><\/span><\/span><\/span><br \/>\n<span class=\"wpcf7-form-control-wrap\" data-name=\"agreement\"><span class=\"wpcf7-form-control wpcf7-checkbox wpcf7-validates-as-required\"><span class=\"wpcf7-list-item first last\"><input type=\"checkbox\" name=\"agreement[]\" value=\"S\u00ed, acepto no consumir ning\u00fan producto animal durante el curso del programa del Compromiso Vegano.\" \/><span class=\"wpcf7-list-item-label\">S\u00ed, acepto no consumir ning\u00fan producto animal durante el curso del programa del Compromiso Vegano.<\/span><\/span><\/span><\/span>\n\t<\/p>\n\t<p><strong>He le\u00eddo <a href=\"https:\/\/www.peaceadvocacynetwork.org\/wp-content\/uploads\/2020\/01\/Vegan-Pledge-Liability-Waiver-for-Registration.pdf\" style=\"color:white;\" target=\"_blank\">la Exenci\u00f3n de Responsabilidades del PAN<\/a><\/strong><span class=\"required\">*<\/span><br \/>\n<span class=\"wpcf7-form-control-wrap\" data-name=\"liability\"><span class=\"wpcf7-form-control wpcf7-checkbox wpcf7-validates-as-required\"><span class=\"wpcf7-list-item first last\"><input type=\"checkbox\" name=\"liability[]\" value=\"Al marcar este recuadro, acepto recibir comunicaci\u00f3n sobre el Compromiso Vegano, otras oportunidades para relacionarme con el PAN y formas de apoyar al PAN, y estoy mostrando mi clara intenci\u00f3n de por la presente firmar esta exenci\u00f3n, ratificando la totalidad de la Exenci\u00f3n de Responsabilidades del PAN.\" \/><span class=\"wpcf7-list-item-label\">Al marcar este recuadro, acepto recibir comunicaci\u00f3n sobre el Compromiso Vegano, otras oportunidades para relacionarme con el PAN y formas de apoyar al PAN, y estoy mostrando mi clara intenci\u00f3n de por la presente firmar esta exenci\u00f3n, ratificando la totalidad de la Exenci\u00f3n de Responsabilidades del PAN.<\/span><\/span><\/span><\/span>\n\t<\/p>\n\t<p><strong>He le\u00eddo <a href=\"https:\/\/www.peaceadvocacynetwork.org\/wp-content\/uploads\/2020\/02\/policies.pdf\" style=\"color:white;\" target=\"_blank\">la Pol\u00edtica Anti Acoso y Anti Discriminaci\u00f3n del PAN <\/a><\/strong><span class=\"required\">*<\/span><br \/>\n<span class=\"wpcf7-form-control-wrap\" data-name=\"antidiscrimination\"><span class=\"wpcf7-form-control wpcf7-checkbox wpcf7-validates-as-required\"><span class=\"wpcf7-list-item first last\"><input type=\"checkbox\" name=\"antidiscrimination[]\" value=\"Reconozco que he recibido y revisado la Pol\u00edtica Anti Acoso y Anti Discriminaci\u00f3n del PAN y que acepto cumplirla en su totalidad.\" \/><span class=\"wpcf7-list-item-label\">Reconozco que he recibido y revisado la Pol\u00edtica Anti Acoso y Anti Discriminaci\u00f3n del PAN y que acepto cumplirla en su totalidad.<\/span><\/span><\/span><\/span>\n\t<\/p>\n\t<p>Firma:<span class=\"required\">*<\/span><br \/>\n<div class=\"wpcf7-form-control-signature-global-wrap\" data-field-id=\"signature\">\n\t\t\t\t<div class=\"wpcf7-form-control-signature-wrap\" style=\"width:450px;height:80px;\">\n\t\t\t\t\t<div class=\"wpcf7-form-control-signature-body\">\n\t\t\t\t\t\t<canvas data-background=\"#ffffff\" id=\"wpcf7_signature_signature\" class=\"signature\"><\/canvas>\n\t\t\t\t\t<\/div>\n\t\t\t\t<\/div>\n\t\t\t\t<div class=\"wpcf7-form-control-clear-wrap\">\n\t\t\t\t\t<input id=\"wpcf7_signature_clear\" type=\"button\" value=\"Clear\"\/>\n\t\t\t\t<\/div>\n\t\t\t<\/div>\n\t\t\t<span class=\"wpcf7-form-control-wrap wpcf7-form-control-signature-input-wrap signature\">\n\t\t\t\t<input aria-required=\"true\" aria-invalid=\"false\" value=\"\" type=\"hidden\" name=\"signature\" id=\"wpcf7_input_signature\"\/><input type=\"hidden\" name=\"signature-attachment\" id=\"wpcf7_input_signature_attachment\"\/><input type=\"hidden\" name=\"signature-inline\" id=\"wpcf7_input_signature_inline\"\/>\n\t\t\t<\/span>\n\t\t\t\n\t<\/p>\n\t<p>[\/group]\n\t<\/p>\n<\/div>\n<p><span class=\"wpcf7-form-control-wrap\" data-name=\"notready\"><span class=\"wpcf7-form-control wpcf7-checkbox\"><span class=\"wpcf7-list-item first last\"><input type=\"checkbox\" name=\"notready[]\" value=\"No, no me siento en condiciones de realmente comprometerme con el programa de 30 d\u00edas del Compromiso Vegano, por favor inscr\u00edbanme para el bolet\u00edn informativo electr\u00f3nico del PAN para recibir recetas, fuentes y recursos en vez de unirme al programa.\" \/><span class=\"wpcf7-list-item-label\">No, no me siento en condiciones de realmente comprometerme con el programa de 30 d\u00edas del Compromiso Vegano, por favor inscr\u00edbanme para el bolet\u00edn informativo electr\u00f3nico del PAN para recibir recetas, fuentes y recursos en vez de unirme al programa.<\/span><\/span><\/span><\/span>\n<\/p>\n<p><input class=\"wpcf7-form-control wpcf7-submit has-spinner\" type=\"submit\" value=\"Enviar\" \/>\n<\/p><div class=\"wpcf7-response-output\" aria-hidden=\"true\"><\/div>\n<\/form>\n<\/div>\n\t\t\t\t\t\t\t\t<\/div>\n\t\t\t\t<\/div>\n\t\t\t\t\t<\/div>\n\t\t<\/div>\n\t\t\t\t\t<\/div>\n\t\t<\/section>\n\t\t\t\t<\/div>\n\t\t","protected":false},"excerpt":{"rendered":"<p>Vegan Pledge Application First name* Last Name* Email* Phone* Address* StateAKALAZARCACOCTDEFLGAHIIDILINIAKSKYLAMEMDMAMIMNMSMOMTNENVNHNJNMNYNCNDOHOKORPARISCSDTNTXUTVTVAWAWVWIWYARMED FORCES AFRICA \/ CANADA \/ EUROPE \/ MIDDLE EASTARMED&hellip;<\/p>\n<p> <a class=\"more-link\" href=\"https:\/\/peaceadvocacynetwork.org\/es\/vegan-pledge-application\/\">Leer m\u00e1s<\/a><\/p>\n","protected":false},"author":1,"featured_media":0,"parent":0,"menu_order":0,"comment_status":"closed","ping_status":"closed","template":"","meta":{"footnotes":""},"class_list":["post-11956","page","type-page","status-publish"],"_links":{"self":[{"href":"https:\/\/peaceadvocacynetwork.org\/es\/wp-json\/wp\/v2\/pages\/11956","targetHints":{"allow":["GET"]}}],"collection":[{"href":"https:\/\/peaceadvocacynetwork.org\/es\/wp-json\/wp\/v2\/pages"}],"about":[{"href":"https:\/\/peaceadvocacynetwork.org\/es\/wp-json\/wp\/v2\/types\/page"}],"author":[{"embeddable":true,"href":"https:\/\/peaceadvocacynetwork.org\/es\/wp-json\/wp\/v2\/users\/1"}],"replies":[{"embeddable":true,"href":"https:\/\/peaceadvocacynetwork.org\/es\/wp-json\/wp\/v2\/comments?post=11956"}],"version-history":[{"count":6,"href":"https:\/\/peaceadvocacynetwork.org\/es\/wp-json\/wp\/v2\/pages\/11956\/revisions"}],"predecessor-version":[{"id":21260,"href":"https:\/\/peaceadvocacynetwork.org\/es\/wp-json\/wp\/v2\/pages\/11956\/revisions\/21260"}],"wp:attachment":[{"href":"https:\/\/peaceadvocacynetwork.org\/es\/wp-json\/wp\/v2\/media?parent=11956"}],"curies":[{"name":"wp","href":"https:\/\/api.w.org\/{rel}","templated":true}]}}