{"id":13445,"date":"2019-10-24T11:13:18","date_gmt":"2019-10-24T15:13:18","guid":{"rendered":"https:\/\/www.peaceadvocacynetwork.org\/purchase\/"},"modified":"2019-10-24T11:13:18","modified_gmt":"2019-10-24T15:13:18","slug":"purchase","status":"publish","type":"page","link":"https:\/\/peaceadvocacynetwork.org\/es\/purchase\/","title":{"rendered":"Purchase"},"content":{"rendered":"<div class=\"lifterlms\"><div class=\"llms-checkout-wrapper\">Tu carrito est\u00e1 vac\u00edo.  Click <a href=\"https:\/\/peaceadvocacynetwork.org\/es\/courses\/\">aqu\u00ed<\/a> para comenzar.<\/div><!-- .llms-checkout-wrapper --><\/div>\n","protected":false},"excerpt":{"rendered":"<p>Tu carrito est\u00e1 vac\u00edo. Click aqu\u00ed para comenzar.<\/p>\n","protected":false},"author":1,"featured_media":0,"parent":0,"menu_order":0,"comment_status":"closed","ping_status":"closed","template":"","meta":{"footnotes":""},"class_list":["post-13445","page","type-page","status-publish"],"_links":{"self":[{"href":"https:\/\/peaceadvocacynetwork.org\/es\/wp-json\/wp\/v2\/pages\/13445","targetHints":{"allow":["GET"]}}],"collection":[{"href":"https:\/\/peaceadvocacynetwork.org\/es\/wp-json\/wp\/v2\/pages"}],"about":[{"href":"https:\/\/peaceadvocacynetwork.org\/es\/wp-json\/wp\/v2\/types\/page"}],"author":[{"embeddable":true,"href":"https:\/\/peaceadvocacynetwork.org\/es\/wp-json\/wp\/v2\/users\/1"}],"replies":[{"embeddable":true,"href":"https:\/\/peaceadvocacynetwork.org\/es\/wp-json\/wp\/v2\/comments?post=13445"}],"version-history":[{"count":0,"href":"https:\/\/peaceadvocacynetwork.org\/es\/wp-json\/wp\/v2\/pages\/13445\/revisions"}],"wp:attachment":[{"href":"https:\/\/peaceadvocacynetwork.org\/es\/wp-json\/wp\/v2\/media?parent=13445"}],"curies":[{"name":"wp","href":"https:\/\/api.w.org\/{rel}","templated":true}]}}