{"id":13446,"date":"2019-10-24T11:13:18","date_gmt":"2019-10-24T15:13:18","guid":{"rendered":"https:\/\/www.peaceadvocacynetwork.org\/dashboard\/"},"modified":"2019-11-01T12:32:12","modified_gmt":"2019-11-01T16:32:12","slug":"dashboard","status":"publish","type":"page","link":"https:\/\/peaceadvocacynetwork.org\/es\/dashboard\/","title":{"rendered":"Dashboard"},"content":{"rendered":"\t\t<div data-elementor-type=\"wp-page\" data-elementor-id=\"13446\" class=\"elementor elementor-13446\">\n\t\t\t\t\t\t<section class=\"elementor-section elementor-top-section elementor-element elementor-element-2a2a3be elementor-section-boxed elementor-section-height-default elementor-section-height-default\" data-id=\"2a2a3be\" data-element_type=\"section\" data-e-type=\"section\">\n\t\t\t\t\t\t<div class=\"elementor-container elementor-column-gap-default\">\n\t\t\t\t\t<div class=\"elementor-column elementor-col-100 elementor-top-column elementor-element elementor-element-a9b818a\" data-id=\"a9b818a\" data-element_type=\"column\" data-e-type=\"column\">\n\t\t\t<div class=\"elementor-widget-wrap elementor-element-populated\">\n\t\t\t\t\t\t<div class=\"elementor-element elementor-element-33ab8d6 elementor-widget elementor-widget-spacer\" data-id=\"33ab8d6\" data-element_type=\"widget\" data-e-type=\"widget\" data-widget_type=\"spacer.default\">\n\t\t\t\t<div class=\"elementor-widget-container\">\n\t\t\t\t\t\t\t<div class=\"elementor-spacer\">\n\t\t\t<div class=\"elementor-spacer-inner\"><\/div>\n\t\t<\/div>\n\t\t\t\t\t\t<\/div>\n\t\t\t\t<\/div>\n\t\t\t\t\t<\/div>\n\t\t<\/div>\n\t\t\t\t\t<\/div>\n\t\t<\/section>\n\t\t\t\t<section class=\"elementor-section elementor-top-section elementor-element elementor-element-bb073b8 elementor-section-boxed elementor-section-height-default elementor-section-height-default\" data-id=\"bb073b8\" data-element_type=\"section\" data-e-type=\"section\" data-settings=\"{&quot;background_background&quot;:&quot;classic&quot;}\">\n\t\t\t\t\t\t<div class=\"elementor-container elementor-column-gap-default\">\n\t\t\t\t\t<div class=\"elementor-column elementor-col-100 elementor-top-column elementor-element elementor-element-a764ab0\" data-id=\"a764ab0\" data-element_type=\"column\" data-e-type=\"column\">\n\t\t\t<div class=\"elementor-widget-wrap elementor-element-populated\">\n\t\t\t\t\t\t<div class=\"elementor-element elementor-element-3294ce1 elementor-widget elementor-widget-shortcode\" data-id=\"3294ce1\" data-element_type=\"widget\" data-e-type=\"widget\" data-widget_type=\"shortcode.default\">\n\t\t\t\t<div class=\"elementor-widget-container\">\n\t\t\t\t\t\t\t<div class=\"elementor-shortcode\"><\/div>\n\t\t\t\t\t\t<\/div>\n\t\t\t\t<\/div>\n\t\t\t\t<div class=\"elementor-element elementor-element-9009b71 elementor-widget elementor-widget-shortcode\" data-id=\"9009b71\" data-element_type=\"widget\" data-e-type=\"widget\" data-widget_type=\"shortcode.default\">\n\t\t\t\t<div class=\"elementor-widget-container\">\n\t\t\t\t\t\t\t<div class=\"elementor-shortcode\"><div class=\"lifterlms\"><div class=\"llms-student-dashboard dashboard llms-sd-layout-columns\" data-current=\"dashboard\">\n\n\n<div class=\"llms-person-login-form-wrapper\">\n\n\t<form action=\"\" class=\"llms-login\" method=\"POST\">\n\n\t\t<h2 class=\"llms-form-heading\">Acceder<\/h2>\n\n\t\t<div class=\"llms-form-fields\">\n\n\t\t\t\n\t\t\t\t\t\t\t<div class=\"llms-form-field type-email llms-cols-6 llms-is-required\"><label for=\"llms_login\">Direcci\u00f3n de correo electr\u00f3nico<span class=\"llms-required\">*<\/span><\/label><input class=\"llms-field-input\" id=\"llms_login\" name=\"llms_login\" required=\"required\" type=\"email\" \/><\/div>\t\t\t\t\t\t\t<div class=\"llms-form-field type-password llms-cols-6 llms-cols-last llms-is-required\"><label for=\"llms_password\">Contrase\u00f1a<span class=\"llms-required\">*<\/span><\/label><input class=\"llms-field-input\" id=\"llms_password\" name=\"llms_password\" required=\"required\" type=\"password\" \/><div class=\"llms-visibility-toggle\"><button type=\"button\" class=\"llms-button-plain hide-if-no-js\" data-toggle=\"1\"><i class=\"fa fa-eye\"><\/i> <span class=\"llms-visibility-toggle-state\">Show Password<\/span><\/button><\/div><\/div><div class=\"clear\"><\/div>\t\t\t\t\t\t\t<div class=\"llms-form-field type-submit llms-cols-3\"><button class=\"llms-field-button llms-button-action\" id=\"llms_login_button\" name=\"llms_login_button\" type=\"submit\" value=\"Acceder\">Acceder<\/button><\/div>\t\t\t\t\t\t\t<div class=\"llms-form-field type-checkbox llms-cols-6\"><input class=\"llms-field-checkbox\" id=\"llms_remember\" name=\"llms_remember\" type=\"checkbox\" \/><label for=\"llms_remember\">Recu\u00e9rdame<\/label><\/div>\t\t\t\t\t\t\t<div class=\"llms-form-field type-html llms-cols-3 llms-cols-last align-right\"><div class=\"llms-field-html\" id=\"llms_lost_password\"><\/div><span class=\"llms-description\"><a href=\"https:\/\/peaceadvocacynetwork.org\/es\/my-account\/lost-password\/?lang=es\">\u00bfOlvidaste la contrase\u00f1a?<\/a><\/span><\/div><div class=\"clear\"><\/div>\t\t\t\n\t\t\t<input type=\"hidden\" id=\"_llms_login_user_nonce\" name=\"_llms_login_user_nonce\" value=\"7ca484b74f\" \/><input type=\"hidden\" name=\"_wp_http_referer\" value=\"\/es\/wp-json\/wp\/v2\/pages\/13446\" \/>\t\t\t<input type=\"hidden\" name=\"redirect\" value=\"https:\/\/peaceadvocacynetwork.org\/es\/dashboard\/\" \/>\n\t\t\t<input type=\"hidden\" name=\"action\" value=\"llms_login_user\" \/>\n\n\t\t\t\n\t\t<\/div>\n\n\t<\/form>\n\n<\/div>\n\n<\/div><!-- .llms-student-dashboard --><\/div><\/div>\n\t\t\t\t\t\t<\/div>\n\t\t\t\t<\/div>\n\t\t\t\t<div class=\"elementor-element elementor-element-38fb024 elementor-widget elementor-widget-spacer\" data-id=\"38fb024\" data-element_type=\"widget\" data-e-type=\"widget\" data-widget_type=\"spacer.default\">\n\t\t\t\t<div class=\"elementor-widget-container\">\n\t\t\t\t\t\t\t<div class=\"elementor-spacer\">\n\t\t\t<div class=\"elementor-spacer-inner\"><\/div>\n\t\t<\/div>\n\t\t\t\t\t\t<\/div>\n\t\t\t\t<\/div>\n\t\t\t\t\t<\/div>\n\t\t<\/div>\n\t\t\t\t\t<\/div>\n\t\t<\/section>\n\t\t\t\t<\/div>\n\t\t","protected":false},"excerpt":{"rendered":"<p>Acceder Direcci\u00f3n de correo electr\u00f3nico* Contrase\u00f1a* Show Password Acceder Recu\u00e9rdame \u00bfOlvidaste la contrase\u00f1a?<\/p>\n","protected":false},"author":1,"featured_media":0,"parent":0,"menu_order":0,"comment_status":"closed","ping_status":"closed","template":"elementor_header_footer","meta":{"footnotes":""},"class_list":["post-13446","page","type-page","status-publish"],"_links":{"self":[{"href":"https:\/\/peaceadvocacynetwork.org\/es\/wp-json\/wp\/v2\/pages\/13446","targetHints":{"allow":["GET"]}}],"collection":[{"href":"https:\/\/peaceadvocacynetwork.org\/es\/wp-json\/wp\/v2\/pages"}],"about":[{"href":"https:\/\/peaceadvocacynetwork.org\/es\/wp-json\/wp\/v2\/types\/page"}],"author":[{"embeddable":true,"href":"https:\/\/peaceadvocacynetwork.org\/es\/wp-json\/wp\/v2\/users\/1"}],"replies":[{"embeddable":true,"href":"https:\/\/peaceadvocacynetwork.org\/es\/wp-json\/wp\/v2\/comments?post=13446"}],"version-history":[{"count":0,"href":"https:\/\/peaceadvocacynetwork.org\/es\/wp-json\/wp\/v2\/pages\/13446\/revisions"}],"wp:attachment":[{"href":"https:\/\/peaceadvocacynetwork.org\/es\/wp-json\/wp\/v2\/media?parent=13446"}],"curies":[{"name":"wp","href":"https:\/\/api.w.org\/{rel}","templated":true}]}}