{"id":15444,"date":"2020-04-13T12:24:40","date_gmt":"2020-04-13T16:24:40","guid":{"rendered":"https:\/\/www.peaceadvocacynetwork.org\/?page_id=15444"},"modified":"2024-05-23T15:49:20","modified_gmt":"2024-05-23T19:49:20","slug":"remote","status":"publish","type":"page","link":"https:\/\/peaceadvocacynetwork.org\/es\/veganpledge\/remote\/","title":{"rendered":"Live Remote Pledge"},"content":{"rendered":"\t\t<div data-elementor-type=\"wp-post\" data-elementor-id=\"15444\" class=\"elementor elementor-15444\">\n\t\t\t\t\t\t<section class=\"elementor-section elementor-top-section elementor-element elementor-element-525cf28 elementor-section-stretched elementor-section-height-min-height elementor-section-boxed elementor-section-height-default elementor-section-items-middle\" data-id=\"525cf28\" data-element_type=\"section\" data-e-type=\"section\" data-settings=\"{&quot;stretch_section&quot;:&quot;section-stretched&quot;,&quot;background_background&quot;:&quot;classic&quot;}\">\n\t\t\t\t\t\t\t<div class=\"elementor-background-overlay\"><\/div>\n\t\t\t\t\t\t\t<div class=\"elementor-container elementor-column-gap-default\">\n\t\t\t\t\t<div class=\"elementor-column elementor-col-100 elementor-top-column elementor-element elementor-element-e64c0e2\" data-id=\"e64c0e2\" data-element_type=\"column\" data-e-type=\"column\">\n\t\t\t<div class=\"elementor-widget-wrap elementor-element-populated\">\n\t\t\t\t\t\t<div class=\"elementor-element elementor-element-af365c2 elementor-widget elementor-widget-heading\" data-id=\"af365c2\" data-element_type=\"widget\" data-e-type=\"widget\" data-widget_type=\"heading.default\">\n\t\t\t\t<div class=\"elementor-widget-container\">\n\t\t\t\t\t<h1 class=\"elementor-heading-title elementor-size-xxl\">COMPROMISO A DISTANCIA EN VIVO<\/h1>\t\t\t\t<\/div>\n\t\t\t\t<\/div>\n\t\t\t\t\t<\/div>\n\t\t<\/div>\n\t\t\t\t\t<\/div>\n\t\t<\/section>\n\t\t\t\t<section class=\"elementor-section elementor-top-section elementor-element elementor-element-7a73227 elementor-section-stretched elementor-section-boxed elementor-section-height-default elementor-section-height-default\" data-id=\"7a73227\" data-element_type=\"section\" data-e-type=\"section\" data-settings=\"{&quot;stretch_section&quot;:&quot;section-stretched&quot;,&quot;background_background&quot;:&quot;classic&quot;}\">\n\t\t\t\t\t\t<div class=\"elementor-container elementor-column-gap-default\">\n\t\t\t\t\t<div class=\"elementor-column elementor-col-50 elementor-top-column elementor-element elementor-element-bd68ea5\" data-id=\"bd68ea5\" data-element_type=\"column\" data-e-type=\"column\">\n\t\t\t<div class=\"elementor-widget-wrap elementor-element-populated\">\n\t\t\t\t\t\t<div class=\"elementor-element elementor-element-44a373a elementor-widget elementor-widget-heading\" data-id=\"44a373a\" data-element_type=\"widget\" data-e-type=\"widget\" data-widget_type=\"heading.default\">\n\t\t\t\t<div class=\"elementor-widget-container\">\n\t\t\t\t\t<h2 class=\"elementor-heading-title elementor-size-default\">El Programa a Distancia en Vivo del Compromiso Vegano es una experiencia completamente virtual que tiene lugar una vez a la semana por 5 semanas.<\/h2>\t\t\t\t<\/div>\n\t\t\t\t<\/div>\n\t\t\t\t<div class=\"elementor-element elementor-element-17d8789 elementor-widget elementor-widget-text-editor\" data-id=\"17d8789\" data-element_type=\"widget\" data-e-type=\"widget\" data-widget_type=\"text-editor.default\">\n\t\t\t\t<div class=\"elementor-widget-container\">\n\t\t\t\t\t\t\t\t\t<p>El programa del Compromiso Vegano del PAN gu\u00eda a las personas participantes durante 30 d\u00edas siguiendo un estilo de vida vegano con el servicio de apoyo activo del programa. Este servicio de apoyo incluye cinco reuniones semanales por Zoom, consistiendo en demostraciones de cocina, oradores abordando problemas de \u00edndole ambiental, \u00e9tico, pr\u00e1ctico y problemas de salud, una mentora\/mentor o una persona tutora personal (persona vegana experimentada), paneles y m\u00e1s, con el fin de hacer mucho m\u00e1s f\u00e1cil los 30 d\u00edas siendo vegana, vegano o una persona vegana. \u00a1El programa es GRATUITO con un dep\u00f3sito inicial de $10 el cual es completamente reembolsado al t\u00e9rmino del programa! <br \/><br \/>Requerimos una conversaci\u00f3n por tel\u00e9fono previo al compromiso antes de que el programa empiece, y las personas participantes aceptan consumir \u00fanicamente art\u00edculos y productos veganos durante los 30 d\u00edas completos.<\/p><p><strong>El programa a distancia en vivo es una experiencia completamente virtual. Cada programa tiene una duraci\u00f3n de 30 d\u00edas con clases una vez a la semana durante 5 semanas. Por favor inscr\u00edbase al programa que mejor se adapte a su horario y realice la planificaci\u00f3n correspondiente para que usted asista a todas las clases dentro de dicho programa.<\/strong><\/p>\t\t\t\t\t\t\t\t<\/div>\n\t\t\t\t<\/div>\n\t\t\t\t\t<\/div>\n\t\t<\/div>\n\t\t\t\t<div class=\"elementor-column elementor-col-50 elementor-top-column elementor-element elementor-element-131d4b4\" data-id=\"131d4b4\" data-element_type=\"column\" data-e-type=\"column\">\n\t\t\t<div class=\"elementor-widget-wrap elementor-element-populated\">\n\t\t\t\t\t\t<div class=\"elementor-element elementor-element-12c01a8 elementor-widget elementor-widget-text-editor\" data-id=\"12c01a8\" data-element_type=\"widget\" data-e-type=\"widget\" data-widget_type=\"text-editor.default\">\n\t\t\t\t<div class=\"elementor-widget-container\">\n\t\t\t\t\t\t\t\t\t<h4>S\u00cdGANOS EN FACEBOOK<\/h4><p><a href=\"https:\/\/www.facebook.com\/peaceadvocacynetwork\/\"><img decoding=\"async\" class=\"wp-image-11924 aligncenter\" src=\"https:\/\/www.peaceadvocacynetwork.org\/wp-content\/uploads\/2019\/06\/fb-300x225.png\" alt=\"\" width=\"63\" height=\"47\" srcset=\"https:\/\/peaceadvocacynetwork.org\/wp-content\/uploads\/2019\/06\/fb-300x225.png 300w, https:\/\/peaceadvocacynetwork.org\/wp-content\/uploads\/2019\/06\/fb-768x576.png 768w, https:\/\/peaceadvocacynetwork.org\/wp-content\/uploads\/2019\/06\/fb.png 1000w\" sizes=\"(max-width: 63px) 100vw, 63px\" \/><\/a><\/p>\t\t\t\t\t\t\t\t<\/div>\n\t\t\t\t<\/div>\n\t\t\t\t<div class=\"elementor-element elementor-element-227da92 elementor-widget elementor-widget-html\" data-id=\"227da92\" data-element_type=\"widget\" data-e-type=\"widget\" data-widget_type=\"html.default\">\n\t\t\t\t<div class=\"elementor-widget-container\">\n\t\t\t\t\t<iframe width=\"300\" height=\"380\" src=\"https:\/\/sibforms.com\/serve\/MUIEAMRW04e-1hMVlxq6ltVVHQLMd7D8GIrKTwizS_57CdtYact7f0nvIBQb4eeMG1-fHA2vyT_vr7x0Sd8uIRRo3OpHplTentYLMfo66Tq0ArbyZLDLW5RJhI24vJSU4frVLAK_wzEyW8oWBbI3VhFjiKdckwPOpwJQNtnbZCOlvL6CLD4KIuPKsJgh5-mD0PEmKz-xi8OKYDXw\" frameborder=\"0\" scrolling=\"auto\" allowfullscreen style=\"display: block;margin-left: auto;margin-right: auto;max-width: 100%;\"><\/iframe>\t\t\t\t<\/div>\n\t\t\t\t<\/div>\n\t\t\t\t\t<\/div>\n\t\t<\/div>\n\t\t\t\t\t<\/div>\n\t\t<\/section>\n\t\t\t\t<\/div>\n\t\t","protected":false},"excerpt":{"rendered":"<p>Live Remote Pledge The Live Remote Vegan Pledge Program is an entirely virtual experience that meets once a week for&hellip;<\/p>\n<p> <a class=\"more-link\" href=\"https:\/\/peaceadvocacynetwork.org\/es\/veganpledge\/remote\/\">Leer m\u00e1s<\/a><\/p>\n","protected":false},"author":1,"featured_media":15452,"parent":11598,"menu_order":0,"comment_status":"closed","ping_status":"closed","template":"","meta":{"footnotes":""},"class_list":["post-15444","page","type-page","status-publish","has-post-thumbnail"],"_links":{"self":[{"href":"https:\/\/peaceadvocacynetwork.org\/es\/wp-json\/wp\/v2\/pages\/15444","targetHints":{"allow":["GET"]}}],"collection":[{"href":"https:\/\/peaceadvocacynetwork.org\/es\/wp-json\/wp\/v2\/pages"}],"about":[{"href":"https:\/\/peaceadvocacynetwork.org\/es\/wp-json\/wp\/v2\/types\/page"}],"author":[{"embeddable":true,"href":"https:\/\/peaceadvocacynetwork.org\/es\/wp-json\/wp\/v2\/users\/1"}],"replies":[{"embeddable":true,"href":"https:\/\/peaceadvocacynetwork.org\/es\/wp-json\/wp\/v2\/comments?post=15444"}],"version-history":[{"count":10,"href":"https:\/\/peaceadvocacynetwork.org\/es\/wp-json\/wp\/v2\/pages\/15444\/revisions"}],"predecessor-version":[{"id":23861,"href":"https:\/\/peaceadvocacynetwork.org\/es\/wp-json\/wp\/v2\/pages\/15444\/revisions\/23861"}],"up":[{"embeddable":true,"href":"https:\/\/peaceadvocacynetwork.org\/es\/wp-json\/wp\/v2\/pages\/11598"}],"wp:featuredmedia":[{"embeddable":true,"href":"https:\/\/peaceadvocacynetwork.org\/es\/wp-json\/wp\/v2\/media\/15452"}],"wp:attachment":[{"href":"https:\/\/peaceadvocacynetwork.org\/es\/wp-json\/wp\/v2\/media?parent=15444"}],"curies":[{"name":"wp","href":"https:\/\/api.w.org\/{rel}","templated":true}]}}