{"id":21225,"date":"2022-01-06T16:05:14","date_gmt":"2022-01-06T21:05:14","guid":{"rendered":"https:\/\/peaceadvocacynetwork.org\/?page_id=21225"},"modified":"2022-01-06T16:07:40","modified_gmt":"2022-01-06T21:07:40","slug":"waiver-and-release-of-liability-for-participants-in-voluntary-vegan-pledge-programs","status":"publish","type":"page","link":"https:\/\/peaceadvocacynetwork.org\/es\/waiver-and-release-of-liability-for-participants-in-voluntary-vegan-pledge-programs\/","title":{"rendered":"WAIVER AND RELEASE OF LIABILITY FOR PARTICIPANTS IN VOLUNTARY VEGAN PLEDGE PROGRAMS"},"content":{"rendered":"\t\t<div data-elementor-type=\"wp-page\" data-elementor-id=\"21225\" class=\"elementor elementor-21225\">\n\t\t\t\t\t\t<section class=\"elementor-section elementor-top-section elementor-element elementor-element-4d16b7eb elementor-section-boxed elementor-section-height-default elementor-section-height-default\" data-id=\"4d16b7eb\" data-element_type=\"section\" data-e-type=\"section\">\n\t\t\t\t\t\t<div class=\"elementor-container elementor-column-gap-default\">\n\t\t\t\t\t<div class=\"elementor-column elementor-col-100 elementor-top-column elementor-element elementor-element-74451e2c\" data-id=\"74451e2c\" data-element_type=\"column\" data-e-type=\"column\">\n\t\t\t<div class=\"elementor-widget-wrap elementor-element-populated\">\n\t\t\t\t\t\t<div class=\"elementor-element elementor-element-8937229 elementor-widget elementor-widget-heading\" data-id=\"8937229\" data-element_type=\"widget\" data-e-type=\"widget\" data-widget_type=\"heading.default\">\n\t\t\t\t<div class=\"elementor-widget-container\">\n\t\t\t\t\t<h2 class=\"elementor-heading-title elementor-size-default\">EXENCI\u00d3N Y LIBERACI\u00d3N DE RESPONSABILIDADES PARA LOS PARTICIPANTES EN LOS PROGRAMAS VOLUNTARIOS DEL COMPROMISO VEGANO<\/h2>\t\t\t\t<\/div>\n\t\t\t\t<\/div>\n\t\t\t\t<div class=\"elementor-element elementor-element-4df6f8dd elementor-widget elementor-widget-text-editor\" data-id=\"4df6f8dd\" data-element_type=\"widget\" data-e-type=\"widget\" data-widget_type=\"text-editor.default\">\n\t\t\t\t<div class=\"elementor-widget-container\">\n\t\t\t\t\t\t\t\t\t<p>Como condici\u00f3n de y en consideraci\u00f3n de tener el permiso de tomar parte del \u201cPrograma del Compromiso Vegano\u201d ofrecido por el Peace Advocacy Network, habiendo le\u00eddo y entendido esta exenci\u00f3n en su totalidad, intencionalmente firmo la exenci\u00f3n ubicada debajo.<br \/><br \/>1. Por la presente libero, dispenso, considero inofensivo y acepto no demandar al PAN, a sus agentes, oficiales, personas voluntarias (incluyendo personas realizando labores de tutores), propietarios del espacio de reuniones, donadores de comida, y propietarios de las ubicaciones visitadas (colectivamente referidos como \u201cLiberados\u201d) de toda responsabilidad hacia mi por cualquier y toda p\u00e9rdida o da\u00f1o, y de cualquier reclamo o causante de acci\u00f3n, y por tanto en consideraci\u00f3n de enfermedades o lesiones hacia mi persona o propiedades o resultando en muerte, ya sean causadas por la negligencia de los Liberados o de otro modo, debido a\/resultado de mi participaci\u00f3n en el Programa del Compromiso Vegano.<br \/><br \/>2. Entiendo y reconozco que los Liberados no requieren ni obligan a cualquier persona a participar en el Programa del Compromiso Vegano<br \/><br \/>3. Entiendo y reconozco que los Liberados no son profesionales licenciados en medicina o nutrici\u00f3n y que cualquier informaci\u00f3n provista por los mismos no constituyen consejos m\u00e9dicos o nutricionales.<br \/><br \/>4. Por la presente asumo completa y total responsabilidad por el riesgo de enfermedades, lesiones corporales, muerte o da\u00f1os de propiedades debido a los actos, omisiones o negligencia de los Liberados o de otro modo durante la participaci\u00f3n en el Programa del Compromiso Vegano.<br \/><br \/>5. Acepto expresamente que la exenci\u00f3n precedente tiene como fin ser tan amplia e inclusiva como sea permitido por la ley del estado en el cual el evento tiene lugar. Este acuerdo debe ser interpretado de acuerdo a las leyes del estado en el cual el evento tiene lugar y, si alguna porci\u00f3n del mismo es considerado inv\u00e1lido, se acuerda que el remanente del mismo contin\u00faa teniendo completa validez y efectos legales.<br \/><br \/>6. Por la presente otorgo al PAN, a sus personas representativas y empleadas, permiso para usar y\/o publicar fotograf\u00edas o videos de mi persona en publicaciones, lanzamientos de noticias, en l\u00ednea, o en otros tipos de comunicaci\u00f3n relacionados a la misi\u00f3n del PAN.<br \/><br \/>7. He le\u00eddo y voluntariamente firmado esta exenci\u00f3n y liberaci\u00f3n de responsabilidades, y adem\u00e1s acepto que no se ha realizado ninguna representaci\u00f3n oral o declaraci\u00f3n de alicientes aparte de este documento. He le\u00eddo este documento y entiendo que es una exenci\u00f3n y liberaci\u00f3n de todos los reclamos. Voluntariamente he firmado mi nombre evidenciando mi aceptaci\u00f3n de todas las provisiones arriba descritas.<\/p>\t\t\t\t\t\t\t\t<\/div>\n\t\t\t\t<\/div>\n\t\t\t\t\t<\/div>\n\t\t<\/div>\n\t\t\t\t\t<\/div>\n\t\t<\/section>\n\t\t\t\t<\/div>\n\t\t","protected":false},"excerpt":{"rendered":"<p>WAIVER AND RELEASE OF LIABILITY FOR PARTICIPANTS IN VOLUNTARY VEGAN PLEDGE PROGRAMS As a condition of and in consideration of&hellip;<\/p>\n<p> <a class=\"more-link\" href=\"https:\/\/peaceadvocacynetwork.org\/es\/waiver-and-release-of-liability-for-participants-in-voluntary-vegan-pledge-programs\/\">Leer m\u00e1s<\/a><\/p>\n","protected":false},"author":1,"featured_media":0,"parent":0,"menu_order":0,"comment_status":"closed","ping_status":"closed","template":"","meta":{"footnotes":""},"class_list":["post-21225","page","type-page","status-publish"],"_links":{"self":[{"href":"https:\/\/peaceadvocacynetwork.org\/es\/wp-json\/wp\/v2\/pages\/21225","targetHints":{"allow":["GET"]}}],"collection":[{"href":"https:\/\/peaceadvocacynetwork.org\/es\/wp-json\/wp\/v2\/pages"}],"about":[{"href":"https:\/\/peaceadvocacynetwork.org\/es\/wp-json\/wp\/v2\/types\/page"}],"author":[{"embeddable":true,"href":"https:\/\/peaceadvocacynetwork.org\/es\/wp-json\/wp\/v2\/users\/1"}],"replies":[{"embeddable":true,"href":"https:\/\/peaceadvocacynetwork.org\/es\/wp-json\/wp\/v2\/comments?post=21225"}],"version-history":[{"count":7,"href":"https:\/\/peaceadvocacynetwork.org\/es\/wp-json\/wp\/v2\/pages\/21225\/revisions"}],"predecessor-version":[{"id":21232,"href":"https:\/\/peaceadvocacynetwork.org\/es\/wp-json\/wp\/v2\/pages\/21225\/revisions\/21232"}],"wp:attachment":[{"href":"https:\/\/peaceadvocacynetwork.org\/es\/wp-json\/wp\/v2\/media?parent=21225"}],"curies":[{"name":"wp","href":"https:\/\/api.w.org\/{rel}","templated":true}]}}