{"id":21876,"date":"2022-04-28T15:50:13","date_gmt":"2022-04-28T19:50:13","guid":{"rendered":"https:\/\/peaceadvocacynetwork.org\/?page_id=21876"},"modified":"2022-12-16T11:12:57","modified_gmt":"2022-12-16T16:12:57","slug":"calendar","status":"publish","type":"page","link":"https:\/\/peaceadvocacynetwork.org\/es\/calendar\/","title":{"rendered":"Calendar"},"content":{"rendered":"\t\t<div data-elementor-type=\"wp-page\" data-elementor-id=\"21876\" class=\"elementor elementor-21876\">\n\t\t\t\t\t\t<section class=\"elementor-section elementor-top-section elementor-element elementor-element-a883bc7 elementor-section-boxed elementor-section-height-default elementor-section-height-default\" data-id=\"a883bc7\" data-element_type=\"section\" data-e-type=\"section\">\n\t\t\t\t\t\t<div class=\"elementor-container elementor-column-gap-default\">\n\t\t\t\t\t<div class=\"elementor-column elementor-col-100 elementor-top-column elementor-element elementor-element-9607cac\" data-id=\"9607cac\" data-element_type=\"column\" data-e-type=\"column\">\n\t\t\t<div class=\"elementor-widget-wrap elementor-element-populated\">\n\t\t\t\t\t\t<div class=\"elementor-element elementor-element-a0bafff elementor-widget elementor-widget-text-editor\" data-id=\"a0bafff\" data-element_type=\"widget\" data-e-type=\"widget\" data-widget_type=\"text-editor.default\">\n\t\t\t\t<div class=\"elementor-widget-container\">\n\t\t\t\t\t\t\t\t\t<p><strong>Gracias por consultar nuestros pr\u00f3ximos eventos. Estos eventos se presentan actualmente en ingl\u00e9s. Si desea organizar un evento en espa\u00f1ol, <a href=\"mailto:fico@peaceadvocacynetwork.org\">env\u00edenos un correo electr\u00f3nico.<\/a><\/strong><\/p>\t\t\t\t\t\t\t\t<\/div>\n\t\t\t\t<\/div>\n\t\t\t\t\t<\/div>\n\t\t<\/div>\n\t\t\t\t\t<\/div>\n\t\t<\/section>\n\t\t\t\t<section class=\"elementor-section elementor-top-section elementor-element elementor-element-155a0f90 elementor-section-boxed elementor-section-height-default elementor-section-height-default\" data-id=\"155a0f90\" data-element_type=\"section\" data-e-type=\"section\">\n\t\t\t\t\t\t<div class=\"elementor-container elementor-column-gap-default\">\n\t\t\t\t\t<div class=\"elementor-column elementor-col-100 elementor-top-column elementor-element elementor-element-5579ba43\" data-id=\"5579ba43\" data-element_type=\"column\" data-e-type=\"column\">\n\t\t\t<div class=\"elementor-widget-wrap elementor-element-populated\">\n\t\t\t\t\t\t<div class=\"elementor-element elementor-element-78a255b elementor-widget elementor-widget-the-events-calendar-addon\" data-id=\"78a255b\" data-element_type=\"widget\" data-e-type=\"widget\" data-widget_type=\"the-events-calendar-addon.default\">\n\t\t\t\t<div class=\"elementor-widget-container\">\n\t\t\t\t\t<!=========Events list Template 1.7.1=========><div id=\"ectbe-wrapper-78a255b\" class=\"ectbe-wrapper ectbe-list-wrapper style-2\"><h3>There is no Event<\/h3><\/div>\t\t\t\t<\/div>\n\t\t\t\t<\/div>\n\t\t\t\t<div class=\"elementor-element elementor-element-405e926 elementor-widget elementor-widget-the-events-calendar-addon\" data-id=\"405e926\" data-element_type=\"widget\" data-e-type=\"widget\" data-widget_type=\"the-events-calendar-addon.default\">\n\t\t\t\t<div class=\"elementor-widget-container\">\n\t\t\t\t\t<div class=\"ectbe-calendar-wrapper\"><div class=\"ectbe_calendar_events_spinner\"><img decoding=\"async\" src=\"https:\/\/peaceadvocacynetwork.org\/wp-content\/plugins\/events-widgets-for-elementor-and-the-events-calendar\/assets\/images\/ectbe-preloader.gif\"><\/div><div id=\"ectbe-event-calendar-405e926\" class=\"ectbe-event-calendar-cls\" data-cal_id=\"405e926\" data-locale=\"es\" data-defaultview=\"dayGridMonth\" data-first_day=\"0\" data-daterange=\"\" data-rangestart=\"\" data-rangeend=\"\" data-max_events=\"\" data-ev_category=\"[&quot;all&quot;]\" data-textcolor=\"#ffffff\" data-color=\"#5725ff\"><\/div><div id=\"ectbe-popup-wraper\" class=\"ectbe-modal ectbe-zoom-in\">\n            <div class=\"ectbe-ec-modal-bg\"><\/div>\n            <div class=\"ectbe-modal-content\">\n                <div class=\"ectbe-featured-img\"><\/div>\n                <div class=\"ectbe-modal-header\">                    \n                    <div class=\"ectbe-modal-close\"><span>X<\/span><\/div>\n                    <h2 class=\"ectbe-ec-modal-title\"><\/h2>\n                    <span class=\"ectbe-event-date-start ectbe-event-popup-date\"><\/span>\n                    <span class=\"ectbe-event-date-end ectbe-event-popup-date\"><\/span>\n                <\/div>\n                <div class=\"ectbe-modal-body\">\n                    <span class=\"ectbe-cost\"><\/span>\n                    <p><\/p>\n                <\/div><div class=\"ectbe-modal-footer\">\n                        <a class=\"ectbe-event-details-link\"><button>Read More<\/button><\/a>\n                    <\/div><\/div>\n        <\/div><\/div>\t\t\t\t<\/div>\n\t\t\t\t<\/div>\n\t\t\t\t\t<\/div>\n\t\t<\/div>\n\t\t\t\t\t<\/div>\n\t\t<\/section>\n\t\t\t\t<\/div>\n\t\t","protected":false},"excerpt":{"rendered":"<p>January 2023 Jan 08 08 January 2023 1st Day of Vegan Activist AcademyFind out more Jan 19 19 January 2023&hellip;<\/p>\n<p> <a class=\"more-link\" href=\"https:\/\/peaceadvocacynetwork.org\/es\/calendar\/\">Leer m\u00e1s<\/a><\/p>\n","protected":false},"author":1,"featured_media":0,"parent":0,"menu_order":0,"comment_status":"closed","ping_status":"closed","template":"","meta":{"footnotes":""},"class_list":["post-21876","page","type-page","status-publish"],"_links":{"self":[{"href":"https:\/\/peaceadvocacynetwork.org\/es\/wp-json\/wp\/v2\/pages\/21876","targetHints":{"allow":["GET"]}}],"collection":[{"href":"https:\/\/peaceadvocacynetwork.org\/es\/wp-json\/wp\/v2\/pages"}],"about":[{"href":"https:\/\/peaceadvocacynetwork.org\/es\/wp-json\/wp\/v2\/types\/page"}],"author":[{"embeddable":true,"href":"https:\/\/peaceadvocacynetwork.org\/es\/wp-json\/wp\/v2\/users\/1"}],"replies":[{"embeddable":true,"href":"https:\/\/peaceadvocacynetwork.org\/es\/wp-json\/wp\/v2\/comments?post=21876"}],"version-history":[{"count":10,"href":"https:\/\/peaceadvocacynetwork.org\/es\/wp-json\/wp\/v2\/pages\/21876\/revisions"}],"predecessor-version":[{"id":23498,"href":"https:\/\/peaceadvocacynetwork.org\/es\/wp-json\/wp\/v2\/pages\/21876\/revisions\/23498"}],"wp:attachment":[{"href":"https:\/\/peaceadvocacynetwork.org\/es\/wp-json\/wp\/v2\/media?parent=21876"}],"curies":[{"name":"wp","href":"https:\/\/api.w.org\/{rel}","templated":true}]}}