{"id":22978,"date":"2022-09-23T09:29:52","date_gmt":"2022-09-23T13:29:52","guid":{"rendered":"https:\/\/peaceadvocacynetwork.org\/?page_id=22978"},"modified":"2025-02-05T11:49:52","modified_gmt":"2025-02-05T16:49:52","slug":"donate","status":"publish","type":"page","link":"https:\/\/peaceadvocacynetwork.org\/es\/donate\/","title":{"rendered":"Donate"},"content":{"rendered":"\t\t<div data-elementor-type=\"wp-post\" data-elementor-id=\"22978\" class=\"elementor elementor-22978\">\n\t\t\t\t\t\t<section class=\"elementor-section elementor-top-section elementor-element elementor-element-e95001a elementor-section-stretched elementor-section-full_width elementor-section-height-min-height elementor-section-height-default elementor-section-items-middle\" data-id=\"e95001a\" data-element_type=\"section\" data-e-type=\"section\" data-settings=\"{&quot;stretch_section&quot;:&quot;section-stretched&quot;,&quot;background_background&quot;:&quot;classic&quot;}\">\n\t\t\t\t\t\t\t<div class=\"elementor-background-overlay\"><\/div>\n\t\t\t\t\t\t\t<div class=\"elementor-container elementor-column-gap-default\">\n\t\t\t\t\t<div class=\"elementor-column elementor-col-100 elementor-top-column elementor-element elementor-element-0f68b0a\" data-id=\"0f68b0a\" data-element_type=\"column\" data-e-type=\"column\">\n\t\t\t<div class=\"elementor-widget-wrap elementor-element-populated\">\n\t\t\t\t\t\t<div class=\"elementor-element elementor-element-e5c7548 elementor-widget elementor-widget-heading\" data-id=\"e5c7548\" data-element_type=\"widget\" data-e-type=\"widget\" data-widget_type=\"heading.default\">\n\t\t\t\t<div class=\"elementor-widget-container\">\n\t\t\t\t\t<h1 class=\"elementor-heading-title elementor-size-xxl\">AY\u00daDANOS A CAMBIAR EL MUNDO<\/h1>\t\t\t\t<\/div>\n\t\t\t\t<\/div>\n\t\t\t\t\t<\/div>\n\t\t<\/div>\n\t\t\t\t\t<\/div>\n\t\t<\/section>\n\t\t\t\t<section class=\"elementor-section elementor-top-section elementor-element elementor-element-416ed7df elementor-section-stretched elementor-section-boxed elementor-section-height-default elementor-section-height-default\" data-id=\"416ed7df\" data-element_type=\"section\" data-e-type=\"section\" data-settings=\"{&quot;stretch_section&quot;:&quot;section-stretched&quot;}\">\n\t\t\t\t\t\t<div class=\"elementor-container elementor-column-gap-default\">\n\t\t\t\t\t<div class=\"elementor-column elementor-col-100 elementor-top-column elementor-element elementor-element-4596506d\" data-id=\"4596506d\" data-element_type=\"column\" data-e-type=\"column\">\n\t\t\t<div class=\"elementor-widget-wrap elementor-element-populated\">\n\t\t\t\t\t\t<div class=\"elementor-element elementor-element-86de731 elementor-widget elementor-widget-text-editor\" data-id=\"86de731\" data-element_type=\"widget\" data-e-type=\"widget\" data-widget_type=\"text-editor.default\">\n\t\t\t\t<div class=\"elementor-widget-container\">\n\t\t\t\t\t\t\t\t\t<p><strong>Please support PAN\u2019s efforts in building an accessible, justice-oriented, vegan movement by making a donation.<\/strong><\/p><p>Your donation helps PAN sustain and grow the Vegan Pledge, Vegan Activist Academy, and other important programs. We invite you to be a bigger part of our work by joining our Peace Team as a monthly contributor. You will be integral to our ongoing success as a true sponsor of our life-changing work and help us save even more animals.<\/p><p>The charge will appear as \u00abUri L&#8217;Tzedek.\u00bb This is because PAN is a program of Uri L&#8217;Tzedek and Shamayim: Jewish Animal Advoacy. 100% of the donation made here will go towards PAN&#8217;s signature, pluralistic, and inclusive programming.\u00a0<\/p><p><strong>To mail a check,<\/strong> please make it out to Uri L&#8217;Tzedek and put \u00abPeace Advocacy Network\u00bb in the memo.<\/p><p><span style=\"font-weight: 400;\">Mailing address:<\/span><\/p><p><span style=\"font-weight: 400;\">7580 E Gray Rd.<\/span><\/p><p><span style=\"font-weight: 400;\"> Suite 102<\/span><\/p><p><span style=\"font-weight: 400;\">Scottsdale, AZ 85260<\/span><\/p><p><strong>To donate online<\/strong>, please select your one-time or monthly donation below:<\/p>\t\t\t\t\t\t\t\t<\/div>\n\t\t\t\t<\/div>\n\t\t\t\t<div class=\"elementor-element elementor-element-60f33ac elementor-widget elementor-widget-shortcode\" data-id=\"60f33ac\" data-element_type=\"widget\" data-e-type=\"widget\" data-widget_type=\"shortcode.default\">\n\t\t\t\t<div class=\"elementor-widget-container\">\n\t\t\t\t\t\t\t<div class=\"elementor-shortcode\">\n<noscript>\n    <ul class=\"woocommerce-error\" role=\"alert\">\n        <li>Por favor, activa JavaScript para continuar con tu donaci\u00f3n.        <\/li>\n    <\/ul>\n<\/noscript>\n\n\n            <div class=\"wc-donation-platform woocommerce wcdp-form \"\n                id=\"wcdp\" style=\"visibility:hidden\" data-formid=\"wcdp_1_\">\n                <div class=\"lds-ellipsis wcdp-loader\">\n                    <div><\/div>\n                    <div><\/div>\n                    <div><\/div>\n                    <div><\/div>\n                <\/div>\n                \n    <div class=\"wcdp-header\">\n        <div id=\"wcdp-progress-bar-background\" class=\"wcdp-progress-bar-background\"><\/div>\n        <div id=\"wcdp-progress-bar\" class=\"wcdp-progress-bar\"><\/div>\n        <div class=\"wcdp-step wcdp-header-step-1\" id=\"wcdp-header-step-1\" data-step=\"1\">\n            Cantidad        <\/div>\n        <div class=\"wcdp-step wcdp-header-step-2\" id=\"wcdp-header-step-2\" data-step=\"2\">\n            Detalles        <\/div>\n        <div class=\"wcdp-step wcdp-header-step-3\" id=\"wcdp-header-step-3\" data-step=\"3\">\n            Pago        <\/div>\n    <\/div>\n\n<div class=\"wcdp-body\">\n    <div class=\"wcdp-tab\" id=\"wcdp-step-1\">\n        \n<form class=\"cart variations_form wcdp-choose-donation\"  id=\"wcdp-ajax-send\" method=\"post\" action=\"https:\/\/peaceadvocacynetwork.org\/wp-admin\/admin-ajax.php\" autocomplete=\"off\" enctype='multipart\/form-data'\n    data-product_id=\"23811\" data-formid=\"wcdp_1_\"  data-product_variations=\"[{&quot;attributes&quot;:{&quot;attribute_donation-frequency&quot;:&quot;One-time&quot;},&quot;availability_html&quot;:&quot;&quot;,&quot;backorders_allowed&quot;:false,&quot;dimensions&quot;:{&quot;length&quot;:&quot;&quot;,&quot;width&quot;:&quot;&quot;,&quot;height&quot;:&quot;&quot;},&quot;dimensions_html&quot;:&quot;N\\\/D&quot;,&quot;display_price&quot;:1,&quot;display_regular_price&quot;:1,&quot;image&quot;:{&quot;title&quot;:&quot;&quot;,&quot;caption&quot;:&quot;&quot;,&quot;url&quot;:&quot;&quot;,&quot;alt&quot;:&quot;&quot;,&quot;src&quot;:&quot;&quot;,&quot;srcset&quot;:false,&quot;sizes&quot;:false},&quot;image_id&quot;:0,&quot;is_downloadable&quot;:false,&quot;is_in_stock&quot;:true,&quot;is_purchasable&quot;:true,&quot;is_sold_individually&quot;:&quot;no&quot;,&quot;is_virtual&quot;:false,&quot;max_qty&quot;:&quot;&quot;,&quot;min_qty&quot;:1,&quot;price_html&quot;:&quot;&quot;,&quot;sku&quot;:&quot;&quot;,&quot;variation_description&quot;:&quot;&quot;,&quot;variation_id&quot;:23842,&quot;variation_is_active&quot;:true,&quot;variation_is_visible&quot;:true,&quot;weight&quot;:&quot;&quot;,&quot;weight_html&quot;:&quot;N\\\/D&quot;},{&quot;attributes&quot;:{&quot;attribute_donation-frequency&quot;:&quot;Monthly&quot;},&quot;availability_html&quot;:&quot;&quot;,&quot;backorders_allowed&quot;:false,&quot;dimensions&quot;:{&quot;length&quot;:&quot;&quot;,&quot;width&quot;:&quot;&quot;,&quot;height&quot;:&quot;&quot;},&quot;dimensions_html&quot;:&quot;N\\\/D&quot;,&quot;display_price&quot;:1,&quot;display_regular_price&quot;:1,&quot;image&quot;:{&quot;title&quot;:&quot;&quot;,&quot;caption&quot;:&quot;&quot;,&quot;url&quot;:&quot;&quot;,&quot;alt&quot;:&quot;&quot;,&quot;src&quot;:&quot;&quot;,&quot;srcset&quot;:false,&quot;sizes&quot;:false},&quot;image_id&quot;:0,&quot;is_downloadable&quot;:false,&quot;is_in_stock&quot;:true,&quot;is_purchasable&quot;:true,&quot;is_sold_individually&quot;:&quot;yes&quot;,&quot;is_virtual&quot;:false,&quot;max_qty&quot;:1,&quot;min_qty&quot;:1,&quot;price_html&quot;:&quot;&quot;,&quot;sku&quot;:&quot;&quot;,&quot;variation_description&quot;:&quot;&quot;,&quot;variation_id&quot;:23832,&quot;variation_is_active&quot;:true,&quot;variation_is_visible&quot;:true,&quot;weight&quot;:&quot;&quot;,&quot;weight_html&quot;:&quot;N\\\/D&quot;},{&quot;attributes&quot;:{&quot;attribute_donation-frequency&quot;:&quot;Annual&quot;},&quot;availability_html&quot;:&quot;&quot;,&quot;backorders_allowed&quot;:false,&quot;dimensions&quot;:{&quot;length&quot;:&quot;&quot;,&quot;width&quot;:&quot;&quot;,&quot;height&quot;:&quot;&quot;},&quot;dimensions_html&quot;:&quot;N\\\/D&quot;,&quot;display_price&quot;:1,&quot;display_regular_price&quot;:1,&quot;image&quot;:{&quot;title&quot;:&quot;&quot;,&quot;caption&quot;:&quot;&quot;,&quot;url&quot;:&quot;&quot;,&quot;alt&quot;:&quot;&quot;,&quot;src&quot;:&quot;&quot;,&quot;srcset&quot;:false,&quot;sizes&quot;:false},&quot;image_id&quot;:0,&quot;is_downloadable&quot;:false,&quot;is_in_stock&quot;:true,&quot;is_purchasable&quot;:true,&quot;is_sold_individually&quot;:&quot;yes&quot;,&quot;is_virtual&quot;:false,&quot;max_qty&quot;:1,&quot;min_qty&quot;:1,&quot;price_html&quot;:&quot;&quot;,&quot;sku&quot;:&quot;&quot;,&quot;variation_description&quot;:&quot;&quot;,&quot;variation_id&quot;:23833,&quot;variation_is_active&quot;:true,&quot;variation_is_visible&quot;:true,&quot;weight&quot;:&quot;&quot;,&quot;weight_html&quot;:&quot;N\\\/D&quot;}]\"     wcdp-error-default=\"Ocurri\u00f3 un error inesperado. Por favor, recarga la p\u00e1gina e int\u00e9ntalo de nuevo. Si el problema persiste, por favor contacta a nuestro equipo de soporte.\">\n    <input type=\"hidden\" name=\"action\" value=\"wcdp_ajax_donation_calculation\">\n    <input type=\"hidden\" name=\"security\"\n        value=\"44332444d0\">\n    <input type=\"hidden\" name=\"postid\" value=\"23811\">\n    <input type=\"hidden\" name=\"wcdp_form_id\" value=\"wcdp_1_\">\n\n    <div id=\"wcdp_va_amount\" class=\"wcdp_variation wcdp-row\">\n                    <label class=\"wcdp-variation-heading\" for=\"donation-amount\">\n                Choose an amount                    <abbr class=\"required\" title=\"obligatorio\">*<\/abbr>\n                <\/label> <ul id=\"wcdp_1_wcdp_amount\" class=\"wcdp_options wcdp_amount\" data-name=\"donation-amount\"> <li><input type=\"radio\" id=\"wcdp_1_amount_25\" name=\"donation-amount\" class=\"wcdp_amount_suggestion wcdp_amount_25\" value=\"25\" required><label id=\"\" class=\"wcdp-button-label\" for=\"wcdp_1_amount_25\"><span class=\"woocommerce-Price-amount amount\"><span class=\"woocommerce-Price-currencySymbol\">&#036;<\/span>25<\/span><\/label><\/li><li><input type=\"radio\" id=\"wcdp_1_amount_50\" name=\"donation-amount\" class=\"wcdp_amount_suggestion wcdp_amount_50\" value=\"50\" required><label id=\"\" class=\"wcdp-button-label\" for=\"wcdp_1_amount_50\"><span class=\"woocommerce-Price-amount amount\"><span class=\"woocommerce-Price-currencySymbol\">&#036;<\/span>50<\/span><\/label><\/li><li><input type=\"radio\" id=\"wcdp_1_amount_75\" name=\"donation-amount\" class=\"wcdp_amount_suggestion wcdp_amount_75\" value=\"75\" required><label id=\"\" class=\"wcdp-button-label\" for=\"wcdp_1_amount_75\"><span class=\"woocommerce-Price-amount amount\"><span class=\"woocommerce-Price-currencySymbol\">&#036;<\/span>75<\/span><\/label><\/li><li><input type=\"radio\" id=\"wcdp_1_amount_150\" name=\"donation-amount\" class=\"wcdp_amount_suggestion wcdp_amount_150\" value=\"150\" required><label id=\"\" class=\"wcdp-button-label\" for=\"wcdp_1_amount_150\"><span class=\"woocommerce-Price-amount amount\"><span class=\"woocommerce-Price-currencySymbol\">&#036;<\/span>150<\/span><\/label><\/li><li><input type=\"radio\" id=\"wcdp_1_amount_300\" name=\"donation-amount\" class=\"wcdp_amount_suggestion wcdp_amount_300\" value=\"300\" required><label id=\"\" class=\"wcdp-button-label\" for=\"wcdp_1_amount_300\"><span class=\"woocommerce-Price-amount amount\"><span class=\"woocommerce-Price-currencySymbol\">&#036;<\/span>300<\/span><\/label><\/li><li><input type=\"radio\" id=\"wcdp_1_wcdp_value_other\" name=\"donation-amount\" class=\"wcdp_value_other\" value=\"other\" required><label id=\"wcdp_1_label_custom_amount\" class=\"wcdp_label_custom_amount\" for=\"wcdp_1_wcdp_value_other\"><div id=\"wcdp_other\" class=\"wcdp_other\">Otros<\/div><div class=\"wcdp_cu_field\"><span class=\"woocommerce-Price-currencySymbol\">&#036;<\/span><input type=\"number\" class=\"wcdp-input-field wcdp_donation_amount_field wcdp-donation-amount validate-required  \" id=\"wcdp-donation-amount\" name=\"wcdp-donation-amount\" step=\"0.01\" min=\"5\" max=\"50000\" value=\"\" required><\/div><\/label><\/li><\/ul><\/div>\n\n    <input type=\"hidden\" name=\"variation_id\" id=\"variation_id\" value=\"\">\n            <div class=\"variations wcdp_variation wcdp-row\">\n                            <label class=\"wcdp-variation-heading\" for=\"donation-frequency\">\n                    Donation Frequency                    <abbr class=\"required\" title=\"obligatorio\">*<\/abbr>\n                <\/label>\n            <ul id=\"wcdp_1_suggestion-donation-frequency\" class=\"wcdp_options wcdp_su\" data-name=\"donation-frequency\"> <li><input type=\"radio\" id=\"wcdp_1_wcdp_value_One-time\" name=\"donation-frequency\" class=\"\" value=\"One-time\" required><label id=\"\" class=\"wcdp-button-label\" for=\"wcdp_1_wcdp_value_One-time\">One-time<\/label><\/li><li><input type=\"radio\" id=\"wcdp_1_wcdp_value_Monthly\" name=\"donation-frequency\" class=\"\" value=\"Monthly\" required><label id=\"\" class=\"wcdp-button-label\" for=\"wcdp_1_wcdp_value_Monthly\">Monthly<\/label><\/li><li><input type=\"radio\" id=\"wcdp_1_wcdp_value_Annual\" name=\"donation-frequency\" class=\"\" value=\"Annual\" required><label id=\"\" class=\"wcdp-button-label\" for=\"wcdp_1_wcdp_value_Annual\">Annual<\/label><\/li><\/ul>\n            <div style=\"display:none\">\n                <select id=\"donation-frequency\" class=\"\" name=\"attribute_donation-frequency\" data-attribute_name=\"attribute_donation-frequency\" data-show_option_none=\"yes\"><option value=\"\">Elige una opci\u00f3n<\/option><option value=\"One-time\" >One-time<\/option><option value=\"Monthly\" >Monthly<\/option><option value=\"Annual\" >Annual<\/option><\/select>            <\/div>\n        <\/div>\n\n    \n\n        <div class=\"button-row\">\n        <button class=\"button wcdp-button wcdp-right\" type=\"button\" id=\"wcdp-ajax-button\" data-step=\"2\">\n            Siguiente            &nbsp;<div class=\"wcdp-arrow wcdp-right-arrow\">&raquo;<\/div>\n        <\/button>\n        <div class=\"lds-ellipsis\" id=\"wcdp-spinner\">\n            <div><\/div>\n            <div><\/div>\n            <div><\/div>\n            <div><\/div>\n        <\/div>\n    <\/div>\n        <div class=\"wcdp-divider\"><\/div>\n\n        <input style=\"display:none !important;\" type=\"number\" name=\"quantity\" class=\"quantity qty\" value=\"1\"\n        aria-hidden=\"true\">\n        <button style=\"display:none !important;\" type=\"submit\" name=\"add-to-cart\"\n        value=\"23811\" class=\"single_add_to_cart_button button alt\"><\/button>\n    <\/form>\n\n    <\/div>\n    <div class=\"col2-set notices-forms\"><div class=\"col-1\"><\/div><div class=\"col-2\"><\/div><div class=\"woocommerce-notices-wrapper\"><\/div>        <style id=\"wcdp-css\">\n            :root {\n                --wcdp-main:\n                    #545454                ;\n                --wcdp-main-2:\n                    #aed10e                ;\n                --wcdp-main-3:\n                    #de0000                ;\n                --wcdp-step-2:\n                    #545454                ;\n                --wcdp-step-3:\n                    #545454                ;\n                --wcdp-label-inactive: LightGray;\n                --wcdp-label-inactive-hover: #b5b5b5;\n                --wcdp-label-text: black;\n                --wcdp-label-text-checked: white;\n                --wcdp-background-color: white;\n                --wcdp-overlay-color: rgba(0, 0, 0, 0.8);\n                --wcdp-controls: black;\n            }\n        <\/style>\n        <\/div>    <form name=\"checkout\" method=\"post\" class=\"checkout woocommerce-checkout\"\n        action=\"https:\/\/peaceadvocacynetwork.org\/es\/checkout\/\" enctype=\"multipart\/form-data\">\n        <div class=\"wcdp-tab\" id=\"wcdp-step-2\">\n            <wc-order-attribution-inputs><\/wc-order-attribution-inputs><div class=\"woocommerce-billing-fields\">\n    \n        <h3>Datos del donante<\/h3>\n    \n    \n    <div class=\"woocommerce-billing-fields__field-wrapper\">\n        <p class=\"form-row \" id=\"extra_field\" data-priority=\"\"><span class=\"woocommerce-input-wrapper\"><input type=\"text\" class=\"input-text \" name=\"extra\" id=\"extra\" placeholder=\"\"  value=\"\"  \/><\/span><\/p><p class=\"form-row \" id=\"fields_field\" data-priority=\"\"><span class=\"woocommerce-input-wrapper\"><input type=\"text\" class=\"input-text \" name=\"fields\" id=\"fields\" placeholder=\"\"  value=\"\"  \/><\/span><\/p>    <\/div>\n\n    <wc-order-attribution-inputs><\/wc-order-attribution-inputs><\/div>\n\n<wc-order-attribution-inputs><\/wc-order-attribution-inputs><div class=\"woocommerce-shipping-fields\">\n\t<\/div>\n<div class=\"woocommerce-additional-fields\">\n\t\n\t\n\t\t\n\t\t\t<h3>Informaci\u00f3n adicional<\/h3>\n\n\t\t\n\t\t<div class=\"woocommerce-additional-fields__field-wrapper\">\n\t\t\t\t\t\t\t<p class=\"form-row \" id=\"extra_field\" data-priority=\"\"><span class=\"woocommerce-input-wrapper\"><input type=\"text\" class=\"input-text \" name=\"extra\" id=\"extra\" placeholder=\"\"  value=\"\"  \/><\/span><\/p>\t\t\t\t\t\t\t<p class=\"form-row \" id=\"fields_field\" data-priority=\"\"><span class=\"woocommerce-input-wrapper\"><input type=\"text\" class=\"input-text \" name=\"fields\" id=\"fields\" placeholder=\"\"  value=\"\"  \/><\/span><\/p>\t\t\t\t\t<\/div>\n\n\t\n\t<wc-order-attribution-inputs><\/wc-order-attribution-inputs><\/div>\n<wc-order-attribution-inputs><\/wc-order-attribution-inputs><div class=\"wcdp-required-field-notice\">This is a required field.<\/div>            <br>\n            <div class=\"button-row\">\n                <button type=\"button\" class=\"button wcdp-button wcdp-right\" data-step=\"3\">\n                    Siguiente                    &nbsp;\n                    <div class=\"wcdp-arrow wcdp-right-arrow\">&raquo;<\/div>\n                <\/button>\n                <button type=\"button\" class=\"button wcdp-button wcdp-left\" data-step=\"1\">\n                    <div class=\"wcdp-arrow wcdp-left-arrow\">&laquo;<\/div>\n                    &nbsp;Volver                <\/button>\n            <\/div>\n        <\/div>\n        <div class=\"wcdp-tab\" id=\"wcdp-step-3\">\n            <h3>\n    Tu donativo<\/h3>\n<table class=\"shop_table woocommerce-checkout-review-order-table\">\n    <tbody>\n            <\/tbody>\n    <tfoot>\n\n        \n        \n        \n        \n        \n        \n        <tr class=\"order-total\">\n            <th>Importe de la donaci\u00f3n<\/th>\n            <td><strong><span class=\"woocommerce-Price-amount amount\"><bdi><span class=\"woocommerce-Price-currencySymbol\">&#36;<\/span>0.00<\/bdi><\/span><\/strong> <\/td>\n        <\/tr>\n\n        \n    <\/tfoot>\n<\/table><div id=\"payment\" class=\"woocommerce-checkout-payment\">\n            <ul class=\"wc_payment_methods payment_methods methods\">\n            <li class=\"wc_payment_method payment_method_stripe\">\n\t<input id=\"payment_method_stripe\" type=\"radio\" class=\"input-radio\" name=\"payment_method\" value=\"stripe\"  checked='checked' data-order_button_text=\"\" \/>\n\n\t<label for=\"payment_method_stripe\">\n\t\tTarjeta de Cr\u00e9dito \/ D\u00e9bito <img decoding=\"async\" src=\"https:\/\/peaceadvocacynetwork.org\/wp-content\/plugins\/woocommerce-gateway-stripe\/assets\/images\/cards.svg\" class=\"stripe-cards-icon stripe-icon\" alt=\"Tarjeta de Cr\u00e9dito \/ D\u00e9bito\" \/>\t<\/label>\n\t\t\t<div class=\"payment_box payment_method_stripe\" >\n\t\t\t\t\t\t\n\t\t\t\n\t\t\t<ul class=\"woocommerce-SavedPaymentMethods wc-saved-payment-methods\" data-count=\"0\"><li class=\"woocommerce-SavedPaymentMethods-new\">\n\t\t\t\t<input id=\"wc-stripe-payment-token-new\" type=\"radio\" name=\"wc-stripe-payment-token\" value=\"new\" style=\"width:auto;\" class=\"woocommerce-SavedPaymentMethods-tokenInput\" \/>\n\t\t\t\t<label for=\"wc-stripe-payment-token-new\">A\u00f1adir un nuevo m\u00e9todo de pago<\/label>\n\t\t\t<\/li><\/ul>\n\t\t\t<fieldset id=\"wc-stripe-upe-form\" class=\"wc-upe-form wc-payment-form\">\n\t\t\t\t<div class=\"wc-stripe-upe-element\" data-payment-method-type=\"card\"><\/div>\n\t\t\t\t<div id=\"wc-stripe-upe-errors\" role=\"alert\"><\/div>\n\t\t\t\t<input id=\"wc-stripe-payment-method-upe\" type=\"hidden\" name=\"wc-stripe-payment-method-upe\" \/>\n\t\t\t\t<input id=\"wc_stripe_selected_upe_payment_type\" type=\"hidden\" name=\"wc_stripe_selected_upe_payment_type\" \/>\n\t\t\t\t<input type=\"hidden\" class=\"wc-stripe-is-deferred-intent\" name=\"wc-stripe-is-deferred-intent\" value=\"1\" \/>\n\t\t\t<\/fieldset>\n\t\t\t\t\t<fieldset >\n\t\t\t<p class=\"form-row woocommerce-SavedPaymentMethods-saveNew\">\n\t\t\t\t<input id=\"wc-stripe-new-payment-method\" name=\"wc-stripe-new-payment-method\" type=\"checkbox\" value=\"true\" style=\"width:auto;\"  \/>\n\t\t\t\t<label for=\"wc-stripe-new-payment-method\" style=\"display:inline;\">\n\t\t\t\t\tGuardar la informaci\u00f3n de pago en \u00abMi cuenta\u00bb para futuras compras.\t\t\t\t<\/label>\n\t\t\t<\/p>\n\t\t<\/fieldset>\n\t\t\t\t<\/div>\n\t<\/li>\n        <\/ul>\n        <div class=\"form-row place-order\">\n        <noscript>\n            Por favor, activa JavaScript para continuar con tu donaci\u00f3n.            <br \/><button type=\"submit\"\n                class=\"button alt\"\n                name=\"woocommerce_checkout_update_totals\"\n                value=\"Actualizar totales\">Actualizar totales<\/button>\n        <\/noscript>\n\n        \t<div class=\"woocommerce-terms-and-conditions-wrapper\">\n\t\t<div class=\"woocommerce-privacy-policy-text\"><\/div>\n\t\t\t<\/div>\n\t\n        \n        <button type=\"submit\" class=\"button alt\" name=\"woocommerce_checkout_place_order\" style=\"display:none\" id=\"place_order\" value=\"Donar ahora\" data-value=\"Donar ahora\">Donar ahora<\/button>\n        \n        <input type=\"hidden\" id=\"woocommerce-process-checkout-nonce\" name=\"woocommerce-process-checkout-nonce\" value=\"946f84e901\" \/><input type=\"hidden\" name=\"_wp_http_referer\" value=\"\/es\/wp-json\/wp\/v2\/pages\/22978\" \/>    <\/div>\n<\/div>\n            <br>\n            <div class=\"button-row\">\n                <div><\/div>\n                <button type=\"button\" class=\"button wcdp-button wcdp-left\" data-step=\"2\">\n                    <div class=\"wcdp-arrow wcdp-left-arrow\">&laquo;<\/div>\n                    &nbsp;Volver                <\/button>\n            <\/div>\n        <\/div>\n    <\/form>\n\n    <\/div>            <\/div>\n\n            <\/div>\n\t\t\t\t\t\t<\/div>\n\t\t\t\t<\/div>\n\t\t\t\t\t<\/div>\n\t\t<\/div>\n\t\t\t\t\t<\/div>\n\t\t<\/section>\n\t\t\t\t<section class=\"elementor-section elementor-top-section elementor-element elementor-element-4e11b93 elementor-section-height-min-height elementor-section-stretched elementor-reverse-mobile elementor-section-boxed elementor-section-height-default elementor-section-items-middle\" data-id=\"4e11b93\" data-element_type=\"section\" data-e-type=\"section\" data-settings=\"{&quot;stretch_section&quot;:&quot;section-stretched&quot;,&quot;background_background&quot;:&quot;classic&quot;}\">\n\t\t\t\t\t\t\t<div class=\"elementor-background-overlay\"><\/div>\n\t\t\t\t\t\t\t<div class=\"elementor-container elementor-column-gap-default\">\n\t\t\t\t\t<div class=\"elementor-column elementor-col-100 elementor-top-column elementor-element elementor-element-17de838\" data-id=\"17de838\" data-element_type=\"column\" data-e-type=\"column\">\n\t\t\t<div class=\"elementor-widget-wrap elementor-element-populated\">\n\t\t\t\t\t\t<div class=\"elementor-element elementor-element-e5a8378 elementor-widget elementor-widget-heading\" data-id=\"e5a8378\" data-element_type=\"widget\" data-e-type=\"widget\" data-widget_type=\"heading.default\">\n\t\t\t\t<div class=\"elementor-widget-container\">\n\t\t\t\t\t<h2 class=\"elementor-heading-title elementor-size-default\">\u00danase al Peace Team (equipo de paz) para hacer un compromiso m\u00e1s significativo con PAN.<\/h2>\t\t\t\t<\/div>\n\t\t\t\t<\/div>\n\t\t\t\t<div class=\"elementor-element elementor-element-3282bb8 elementor-align-center elementor-widget elementor-widget-button\" data-id=\"3282bb8\" data-element_type=\"widget\" data-e-type=\"widget\" data-widget_type=\"button.default\">\n\t\t\t\t<div class=\"elementor-widget-container\">\n\t\t\t\t\t\t\t\t\t<div class=\"elementor-button-wrapper\">\n\t\t\t\t\t<a class=\"elementor-button elementor-button-link elementor-size-sm\" href=\"\/es\/peace-team\">\n\t\t\t\t\t\t<span class=\"elementor-button-content-wrapper\">\n\t\t\t\t\t\t\t\t\t<span class=\"elementor-button-text\">Aprenda sobre el Peace Team aqu\u00ed<\/span>\n\t\t\t\t\t<\/span>\n\t\t\t\t\t<\/a>\n\t\t\t\t<\/div>\n\t\t\t\t\t\t\t\t<\/div>\n\t\t\t\t<\/div>\n\t\t\t\t\t<\/div>\n\t\t<\/div>\n\t\t\t\t\t<\/div>\n\t\t<\/section>\n\t\t\t\t<\/div>\n\t\t","protected":false},"excerpt":{"rendered":"<p>HELP US CHANGE THE WORLD Please support PAN\u2019s efforts in building an accessible, justice-oriented, vegan movement by making a donation.&hellip;<\/p>\n<p> <a class=\"more-link\" href=\"https:\/\/peaceadvocacynetwork.org\/es\/donate\/\">Leer m\u00e1s<\/a><\/p>\n","protected":false},"author":1,"featured_media":0,"parent":0,"menu_order":0,"comment_status":"closed","ping_status":"closed","template":"","meta":{"footnotes":""},"class_list":["post-22978","page","type-page","status-publish"],"_links":{"self":[{"href":"https:\/\/peaceadvocacynetwork.org\/es\/wp-json\/wp\/v2\/pages\/22978","targetHints":{"allow":["GET"]}}],"collection":[{"href":"https:\/\/peaceadvocacynetwork.org\/es\/wp-json\/wp\/v2\/pages"}],"about":[{"href":"https:\/\/peaceadvocacynetwork.org\/es\/wp-json\/wp\/v2\/types\/page"}],"author":[{"embeddable":true,"href":"https:\/\/peaceadvocacynetwork.org\/es\/wp-json\/wp\/v2\/users\/1"}],"replies":[{"embeddable":true,"href":"https:\/\/peaceadvocacynetwork.org\/es\/wp-json\/wp\/v2\/comments?post=22978"}],"version-history":[{"count":10,"href":"https:\/\/peaceadvocacynetwork.org\/es\/wp-json\/wp\/v2\/pages\/22978\/revisions"}],"predecessor-version":[{"id":24192,"href":"https:\/\/peaceadvocacynetwork.org\/es\/wp-json\/wp\/v2\/pages\/22978\/revisions\/24192"}],"wp:attachment":[{"href":"https:\/\/peaceadvocacynetwork.org\/es\/wp-json\/wp\/v2\/media?parent=22978"}],"curies":[{"name":"wp","href":"https:\/\/api.w.org\/{rel}","templated":true}]}}